{"id":3444,"date":"2021-11-12T12:52:02","date_gmt":"2021-11-12T12:52:02","guid":{"rendered":"http:\/\/www.agriterra-ltd.com\/deca-limitada\/"},"modified":"2021-11-12T12:52:08","modified_gmt":"2021-11-12T12:52:08","slug":"deca-limitada","status":"publish","type":"page","link":"http:\/\/www.agriterra-ltd.com\/pt-pt\/descubra-a-agriterra\/deca-limitada\/","title":{"rendered":"DECA Limitada"},"content":{"rendered":"<p>[et_pb_section fb_built=&#8221;1&#8243; _builder_version=&#8221;4.9.7&#8243; _module_preset=&#8221;default&#8221; global_colors_info=&#8221;{}&#8221;][et_pb_row column_structure=&#8221;2_5,3_5&#8243; _builder_version=&#8221;4.9.7&#8243; _module_preset=&#8221;default&#8221; global_colors_info=&#8221;{}&#8221;][et_pb_column type=&#8221;2_5&#8243; _builder_version=&#8221;4.9.7&#8243; _module_preset=&#8221;default&#8221; global_colors_info=&#8221;{}&#8221;][et_pb_text _builder_version=&#8221;4.9.11&#8243; _module_preset=&#8221;default&#8221; header_font=&#8221;|300|||||||&#8221; header_text_color=&#8221;gcid-52324441-8126-4af2-a4fb-306d5a78afbc&#8221; header_font_size=&#8221;26px&#8221; global_colors_info=&#8221;{%22gcid-52324441-8126-4af2-a4fb-306d5a78afbc%22:%91%22header_text_color%22%93}&#8221;]<\/p>\n<h1>A DECA Limitada, com sede em Chimoio, na Prov\u00edncia de Manica, Mo\u00e7ambique, foi fundada em 2005 para tratar e processar milho.<\/h1>\n<p>[\/et_pb_text][\/et_pb_column][et_pb_column type=&#8221;3_5&#8243; _builder_version=&#8221;4.9.7&#8243; _module_preset=&#8221;default&#8221; global_colors_info=&#8221;{}&#8221;][et_pb_text _builder_version=&#8221;4.9.7&#8243; _module_preset=&#8221;default&#8221; global_colors_info=&#8221;{}&#8221;]<\/p>\n<p>A DECA compra milho directamente a milhares de pequenos agricultores locais atrav\u00e9s de uma rede de compras estabelecida, atrav\u00e9s da qual a Agriterra fornece e instala as infra-estruturas necess\u00e1rias em pontos de compra espec\u00edficos em toda a regi\u00e3o de Chimoio.<\/p>\n<p>Os agricultores locais levam os seus produtos para estes pontos designados, ou para as instala\u00e7\u00f5es da DECA, e s\u00e3o pagos em dinheiro directamente pela DECA, apoiando assim a actividade econ\u00f3mica nas zonas rurais relevantes.<\/p>\n<p>Uma vez adquirido, o milho \u00e9 transportado de volta para as instala\u00e7\u00f5es de armazenamento e processamento constru\u00eddas propositadamente pela DECA em Chimoio, onde \u00e9 seco, fumigado, preparado e transformado em farinha de milho, um alimento b\u00e1sico fundamental na regi\u00e3o e no pa\u00eds como um todo. A farinha de milho, tamb\u00e9m conhecida como farinha Deca, \u00e9 amplamente utilizada na culin\u00e1ria africana para fazer v\u00e1rias panquecas, p\u00e3es planos e papas e produtos de corte de farelo\/canjica, (efectivamente o produto residual do processo de transforma\u00e7\u00e3o) utilizado em toda a regi\u00e3o como ra\u00e7\u00e3o animal. Ap\u00f3s a transforma\u00e7\u00e3o, a farinha de milho \u00e9 embalada e transportada para locais apropriados para a venda posterior sob a marca DECA.<\/p>\n<p>[\/et_pb_text][\/et_pb_column][\/et_pb_row][et_pb_row _builder_version=&#8221;4.9.11&#8243; _module_preset=&#8221;default&#8221; global_colors_info=&#8221;{}&#8221;][et_pb_column type=&#8221;4_4&#8243; _builder_version=&#8221;4.9.11&#8243; _module_preset=&#8221;default&#8221; global_colors_info=&#8221;{}&#8221;][et_pb_image src=&#8221;http:\/\/www.agriterra-ltd.com\/wp-content\/uploads\/2021\/09\/H2134-Content-Design-Agriterra-Value-Chain-Illustration-2.png&#8221; title_text=&#8221;H2134 Content Design Agriterra Value Chain Illustration (2)&#8221; _builder_version=&#8221;4.9.11&#8243; _module_preset=&#8221;default&#8221; global_colors_info=&#8221;{}&#8221;][\/et_pb_image][\/et_pb_column][\/et_pb_row][et_pb_row column_structure=&#8221;2_5,3_5&#8243; _builder_version=&#8221;4.9.11&#8243; _module_preset=&#8221;default&#8221; global_colors_info=&#8221;{}&#8221;][et_pb_column type=&#8221;2_5&#8243; _builder_version=&#8221;4.9.7&#8243; _module_preset=&#8221;default&#8221; global_colors_info=&#8221;{}&#8221;][\/et_pb_column][et_pb_column type=&#8221;3_5&#8243; _builder_version=&#8221;4.9.7&#8243; _module_preset=&#8221;default&#8221; global_colors_info=&#8221;{}&#8221;][et_pb_text _builder_version=&#8221;4.9.7&#8243; _module_preset=&#8221;default&#8221; global_colors_info=&#8221;{}&#8221;]<\/p>\n<p>A DECA gera retorno, tem uma marca forte, uma base de clientes fi\u00e9is e fornece, actualmente, uma sa\u00edda de mercado para cerca de 250.000 agricultores. As opera\u00e7\u00f5es da DECA, envolvendo a emancipa\u00e7\u00e3o dos locais em vez de grandes aquisi\u00e7\u00f5es de terras, t\u00eam recebido um forte apoio dos governos locais e nacionais desde o in\u00edcio, com o antigo Presidente de Mo\u00e7ambique, Armando Guebuza, a inaugurar as instala\u00e7\u00f5es em 2005. Os cereais processados pela DECA sustentam milhares de pessoas na prov\u00edncia local.<\/p>\n<p>[\/et_pb_text][\/et_pb_column][\/et_pb_row][et_pb_row column_structure=&#8221;1_5,1_5,1_5,1_5,1_5&#8243; _builder_version=&#8221;4.9.11&#8243; _module_preset=&#8221;default&#8221; global_colors_info=&#8221;{}&#8221;][et_pb_column type=&#8221;1_5&#8243; _builder_version=&#8221;4.9.7&#8243; _module_preset=&#8221;default&#8221; global_colors_info=&#8221;{}&#8221;][et_pb_text _builder_version=&#8221;4.9.11&#8243; _module_preset=&#8221;default&#8221; text_font_size=&#8221;14px&#8221; background_color=&#8221;RGBA(0,0,0,0)&#8221; global_colors_info=&#8221;{}&#8221;]<\/p>\n<h5><\/h5>\n<p><strong>DECA Limitada<\/strong><\/p>\n<p>[\/et_pb_text][\/et_pb_column][et_pb_column type=&#8221;1_5&#8243; _builder_version=&#8221;4.9.7&#8243; _module_preset=&#8221;default&#8221; global_colors_info=&#8221;{}&#8221;][et_pb_text _builder_version=&#8221;4.9.11&#8243; _module_preset=&#8221;default&#8221; text_font_size=&#8221;14px&#8221; background_color=&#8221;RGBA(0,0,0,0)&#8221; global_colors_info=&#8221;{}&#8221;]<\/p>\n<h5><\/h5>\n<p><strong>Endere\u00e7o<\/strong><br \/>Talh\u00e3o AF-28<br \/>Bairro Tembwe, E.N.6<br \/>Chimoio<br \/>Prov\u00edncia de Manica<br \/>Mo\u00e7ambique<span style=\"color: #64943f\"><\/span><\/p>\n<p>[\/et_pb_text][\/et_pb_column][et_pb_column type=&#8221;1_5&#8243; _builder_version=&#8221;4.9.11&#8243; _module_preset=&#8221;default&#8221; global_colors_info=&#8221;{}&#8221;][et_pb_text _builder_version=&#8221;4.9.11&#8243; _module_preset=&#8221;default&#8221; text_font_size=&#8221;14px&#8221; background_color=&#8221;RGBA(0,0,0,0)&#8221; global_colors_info=&#8221;{}&#8221;]<\/p>\n<h5><\/h5>\n<p><strong>GPS<br \/><\/strong>lat 19\u02da 6\u2019 12\u201d S<br \/>long 33\u02da 25\u2019 29\u201d E<\/p>\n<p><a href=\"https:\/\/goo.gl\/maps\/tsr4YR6vp7mUcadW9\">Google Earth<\/a><\/p>\n<p>&nbsp;<\/p>\n<p>[\/et_pb_text][\/et_pb_column][et_pb_column type=&#8221;1_5&#8243; _builder_version=&#8221;4.9.11&#8243; _module_preset=&#8221;default&#8221; global_colors_info=&#8221;{}&#8221;][et_pb_text _builder_version=&#8221;4.9.11&#8243; _module_preset=&#8221;default&#8221; text_font_size=&#8221;14px&#8221; background_color=&#8221;RGBA(0,0,0,0)&#8221; global_colors_info=&#8221;{}&#8221;]<\/p>\n<h5><\/h5>\n<p><strong>Contacto Comercial<\/strong><br \/>+258 85 309 2230<br \/><span style=\"color: #64943f\">deca@deca-group.com<\/span><\/p>\n<p>[\/et_pb_text][\/et_pb_column][et_pb_column type=&#8221;1_5&#8243; _builder_version=&#8221;4.9.7&#8243; _module_preset=&#8221;default&#8221; global_colors_info=&#8221;{}&#8221;][\/et_pb_column][\/et_pb_row][\/et_pb_section]<\/p>\n","protected":false},"excerpt":{"rendered":"<p>A DECA Limitada, com sede em Chimoio, na Prov\u00edncia de Manica, Mo\u00e7ambique, foi fundada em 2005 para tratar e processar milho.A DECA compra milho directamente a milhares de pequenos agricultores locais atrav\u00e9s de uma rede de compras estabelecida, atrav\u00e9s da qual a Agriterra fornece e instala as infra-estruturas necess\u00e1rias em pontos de compra espec\u00edficos em [&hellip;]<\/p>\n","protected":false},"author":1,"featured_media":3406,"parent":3557,"menu_order":0,"comment_status":"closed","ping_status":"closed","template":"","meta":{"_et_pb_use_builder":"on","_et_pb_old_content":"","_et_gb_content_width":"","footnotes":""},"class_list":["post-3444","page","type-page","status-publish","has-post-thumbnail","hentry"],"_links":{"self":[{"href":"http:\/\/www.agriterra-ltd.com\/pt-pt\/wp-json\/wp\/v2\/pages\/3444","targetHints":{"allow":["GET"]}}],"collection":[{"href":"http:\/\/www.agriterra-ltd.com\/pt-pt\/wp-json\/wp\/v2\/pages"}],"about":[{"href":"http:\/\/www.agriterra-ltd.com\/pt-pt\/wp-json\/wp\/v2\/types\/page"}],"author":[{"embeddable":true,"href":"http:\/\/www.agriterra-ltd.com\/pt-pt\/wp-json\/wp\/v2\/users\/1"}],"replies":[{"embeddable":true,"href":"http:\/\/www.agriterra-ltd.com\/pt-pt\/wp-json\/wp\/v2\/comments?post=3444"}],"version-history":[{"count":7,"href":"http:\/\/www.agriterra-ltd.com\/pt-pt\/wp-json\/wp\/v2\/pages\/3444\/revisions"}],"predecessor-version":[{"id":3451,"href":"http:\/\/www.agriterra-ltd.com\/pt-pt\/wp-json\/wp\/v2\/pages\/3444\/revisions\/3451"}],"up":[{"embeddable":true,"href":"http:\/\/www.agriterra-ltd.com\/pt-pt\/wp-json\/wp\/v2\/pages\/3557"}],"wp:featuredmedia":[{"embeddable":true,"href":"http:\/\/www.agriterra-ltd.com\/pt-pt\/wp-json\/wp\/v2\/media\/3406"}],"wp:attachment":[{"href":"http:\/\/www.agriterra-ltd.com\/pt-pt\/wp-json\/wp\/v2\/media?parent=3444"}],"curies":[{"name":"wp","href":"https:\/\/api.w.org\/{rel}","templated":true}]}}