{"id":3452,"date":"2021-11-12T13:00:08","date_gmt":"2021-11-12T13:00:08","guid":{"rendered":"http:\/\/www.agriterra-ltd.com\/compagri\/"},"modified":"2021-11-12T13:00:10","modified_gmt":"2021-11-12T13:00:10","slug":"compagri","status":"publish","type":"page","link":"http:\/\/www.agriterra-ltd.com\/pt-pt\/descubra-a-agriterra\/compagri\/","title":{"rendered":"Compagri"},"content":{"rendered":"<p>[et_pb_section fb_built=&#8221;1&#8243; _builder_version=&#8221;4.9.11&#8243; _module_preset=&#8221;default&#8221; global_colors_info=&#8221;{}&#8221;][et_pb_row column_structure=&#8221;2_5,3_5&#8243; _builder_version=&#8221;4.9.11&#8243; _module_preset=&#8221;default&#8221; global_colors_info=&#8221;{}&#8221;][et_pb_column type=&#8221;2_5&#8243; _builder_version=&#8221;4.9.11&#8243; _module_preset=&#8221;default&#8221; global_colors_info=&#8221;{}&#8221;][et_pb_text _builder_version=&#8221;4.9.11&#8243; _module_preset=&#8221;default&#8221; header_font=&#8221;|300|||||||&#8221; header_text_color=&#8221;gcid-52324441-8126-4af2-a4fb-306d5a78afbc&#8221; header_font_size=&#8221;26px&#8221; global_colors_info=&#8221;{%22gcid-52324441-8126-4af2-a4fb-306d5a78afbc%22:%91%22header_text_color%22%93}&#8221;]<\/p>\n<h1>A Compagri foi criada em Maio de 2009 em Tete, a 400 km a norte de Chimoio, como uma segunda instala\u00e7\u00e3o de compra e processamento agr\u00edcola em Mo\u00e7ambique.<\/h1>\n<p>[\/et_pb_text][\/et_pb_column][et_pb_column type=&#8221;3_5&#8243; _builder_version=&#8221;4.9.11&#8243; _module_preset=&#8221;default&#8221; global_colors_info=&#8221;{}&#8221;][et_pb_text _builder_version=&#8221;4.9.11&#8243; _module_preset=&#8221;default&#8221; global_colors_info=&#8221;{}&#8221;]<\/p>\n<p>Tal como em Chimoio, as opera\u00e7\u00f5es em Tete concentram-se na compra de milho a produtores locais, que \u00e9 depois transformado em farinha de milho, um alimento b\u00e1sico chave na dieta africana. A actual capacidade total de armazenamento de milho nas instala\u00e7\u00f5es \u00e9 de 15.000 toneladas.<\/p>\n<p>Tete \u00e9 rica em recursos naturais e est\u00e1 actualmente a desfrutar de um ressurgimento na actividade mineira, principalmente para o carv\u00e3o. <span>Tete est\u00e1 a sofrer fluxos significativos de investimento e pessoal, o que faz com que a Compagri esteja bem colocada para beneficiar do aumento da actividade na regi\u00e3o.<\/span><\/p>\n<p>[\/et_pb_text][\/et_pb_column][\/et_pb_row][et_pb_row column_structure=&#8221;1_5,1_5,1_5,1_5,1_5&#8243; _builder_version=&#8221;4.9.11&#8243; _module_preset=&#8221;default&#8221; global_colors_info=&#8221;{}&#8221;][et_pb_column type=&#8221;1_5&#8243; _builder_version=&#8221;4.9.7&#8243; _module_preset=&#8221;default&#8221; global_colors_info=&#8221;{}&#8221;][et_pb_text _builder_version=&#8221;4.9.11&#8243; _module_preset=&#8221;default&#8221; text_font_size=&#8221;14px&#8221; background_color=&#8221;RGBA(0,0,0,0)&#8221; hover_enabled=&#8221;0&#8243; global_colors_info=&#8221;{}&#8221; sticky_enabled=&#8221;0&#8243;]<\/p>\n<h5><\/h5>\n<p><strong>Compagri Limitada<\/strong><\/p>\n<p>[\/et_pb_text][\/et_pb_column][et_pb_column type=&#8221;1_5&#8243; _builder_version=&#8221;4.9.7&#8243; _module_preset=&#8221;default&#8221; global_colors_info=&#8221;{}&#8221;][et_pb_text _builder_version=&#8221;4.9.11&#8243; _module_preset=&#8221;default&#8221; text_font_size=&#8221;14px&#8221; background_color=&#8221;RGBA(0,0,0,0)&#8221; global_colors_info=&#8221;{}&#8221;]<\/p>\n<h5><\/h5>\n<p><strong>Endere\u00e7o<\/strong><br \/>Mutando<br \/>Tete<br \/>Prov\u00edncia de Tete<br \/>Mo\u00e7ambique<br \/><span style=\"color: #64943f;\"><\/span><\/p>\n<p>[\/et_pb_text][\/et_pb_column][et_pb_column type=&#8221;1_5&#8243; _builder_version=&#8221;4.9.11&#8243; _module_preset=&#8221;default&#8221; global_colors_info=&#8221;{}&#8221;][et_pb_text _builder_version=&#8221;4.9.11&#8243; _module_preset=&#8221;default&#8221; text_font_size=&#8221;14px&#8221; background_color=&#8221;RGBA(0,0,0,0)&#8221; global_colors_info=&#8221;{}&#8221;]<\/p>\n<h5><\/h5>\n<p><strong>GPS<br \/><\/strong>lat 16\u02da 6\u2019 54.08\u201d S<br \/>long 33\u02da 36\u2019 32.48\u201d E<\/p>\n<p><a href=\"https:\/\/goo.gl\/maps\/5NnHXyQvzPvHrU4u8\">Google Earth<\/a><\/p>\n<p>&nbsp;<\/p>\n<p>[\/et_pb_text][\/et_pb_column][et_pb_column type=&#8221;1_5&#8243; _builder_version=&#8221;4.9.11&#8243; _module_preset=&#8221;default&#8221; global_colors_info=&#8221;{}&#8221;][et_pb_text _builder_version=&#8221;4.9.11&#8243; _module_preset=&#8221;default&#8221; text_font_size=&#8221;14px&#8221; background_color=&#8221;RGBA(0,0,0,0)&#8221; global_colors_info=&#8221;{}&#8221;]<\/p>\n<h5><\/h5>\n<p><strong>Contacto Comercial<\/strong><br \/>+258 85 308 0059<br \/><span style=\"color: #64943f;\">compagri@deca-group.com<\/span><\/p>\n<p>[\/et_pb_text][\/et_pb_column][et_pb_column type=&#8221;1_5&#8243; _builder_version=&#8221;4.9.7&#8243; _module_preset=&#8221;default&#8221; global_colors_info=&#8221;{}&#8221;][\/et_pb_column][\/et_pb_row][\/et_pb_section]<\/p>\n","protected":false},"excerpt":{"rendered":"<p>A Compagri foi criada em Maio de 2009 em Tete, a 400 km a norte de Chimoio, como uma segunda instala\u00e7\u00e3o de compra e processamento agr\u00edcola em Mo\u00e7ambique.Tal como em Chimoio, as opera\u00e7\u00f5es em Tete concentram-se na compra de milho a produtores locais, que \u00e9 depois transformado em farinha de milho, um alimento b\u00e1sico chave [&hellip;]<\/p>\n","protected":false},"author":1,"featured_media":3372,"parent":3557,"menu_order":0,"comment_status":"closed","ping_status":"closed","template":"","meta":{"_et_pb_use_builder":"on","_et_pb_old_content":"","_et_gb_content_width":"","footnotes":""},"class_list":["post-3452","page","type-page","status-publish","has-post-thumbnail","hentry"],"_links":{"self":[{"href":"http:\/\/www.agriterra-ltd.com\/pt-pt\/wp-json\/wp\/v2\/pages\/3452","targetHints":{"allow":["GET"]}}],"collection":[{"href":"http:\/\/www.agriterra-ltd.com\/pt-pt\/wp-json\/wp\/v2\/pages"}],"about":[{"href":"http:\/\/www.agriterra-ltd.com\/pt-pt\/wp-json\/wp\/v2\/types\/page"}],"author":[{"embeddable":true,"href":"http:\/\/www.agriterra-ltd.com\/pt-pt\/wp-json\/wp\/v2\/users\/1"}],"replies":[{"embeddable":true,"href":"http:\/\/www.agriterra-ltd.com\/pt-pt\/wp-json\/wp\/v2\/comments?post=3452"}],"version-history":[{"count":6,"href":"http:\/\/www.agriterra-ltd.com\/pt-pt\/wp-json\/wp\/v2\/pages\/3452\/revisions"}],"predecessor-version":[{"id":3458,"href":"http:\/\/www.agriterra-ltd.com\/pt-pt\/wp-json\/wp\/v2\/pages\/3452\/revisions\/3458"}],"up":[{"embeddable":true,"href":"http:\/\/www.agriterra-ltd.com\/pt-pt\/wp-json\/wp\/v2\/pages\/3557"}],"wp:featuredmedia":[{"embeddable":true,"href":"http:\/\/www.agriterra-ltd.com\/pt-pt\/wp-json\/wp\/v2\/media\/3372"}],"wp:attachment":[{"href":"http:\/\/www.agriterra-ltd.com\/pt-pt\/wp-json\/wp\/v2\/media?parent=3452"}],"curies":[{"name":"wp","href":"https:\/\/api.w.org\/{rel}","templated":true}]}}