{"id":3459,"date":"2021-11-12T13:04:02","date_gmt":"2021-11-12T13:04:02","guid":{"rendered":"http:\/\/www.agriterra-ltd.com\/decasnax-limitada\/"},"modified":"2021-11-12T13:04:04","modified_gmt":"2021-11-12T13:04:04","slug":"decasnax-limitada","status":"publish","type":"page","link":"http:\/\/www.agriterra-ltd.com\/pt-pt\/descubra-a-agriterra\/decasnax-limitada\/","title":{"rendered":"DecaSnax Limitada"},"content":{"rendered":"<p>[et_pb_section fb_built=&#8221;1&#8243; _builder_version=&#8221;4.9.11&#8243; _module_preset=&#8221;default&#8221; global_colors_info=&#8221;{}&#8221;][et_pb_row column_structure=&#8221;2_5,3_5&#8243; _builder_version=&#8221;4.9.11&#8243; _module_preset=&#8221;default&#8221; global_colors_info=&#8221;{}&#8221;][et_pb_column type=&#8221;2_5&#8243; _builder_version=&#8221;4.9.11&#8243; _module_preset=&#8221;default&#8221; global_colors_info=&#8221;{}&#8221;][et_pb_text _builder_version=&#8221;4.9.11&#8243; _module_preset=&#8221;default&#8221; header_font=&#8221;|300|||||||&#8221; header_text_color=&#8221;gcid-00ec1e73-9046-4e60-97d6-5ba89ce263d2&#8243; header_font_size=&#8221;26px&#8221; global_colors_info=&#8221;{%22gcid-00ec1e73-9046-4e60-97d6-5ba89ce263d2%22:%91%22header_text_color%22%93}&#8221;]<\/p>\n<h1>A DecaSnax est\u00e1 a acrescentar valor \u00e0 farinha de milho DECA, transformando os subprodutos do milho numa vasta gama de aperitivos fritos e assados com condimentos.<\/h1>\n<p>[\/et_pb_text][\/et_pb_column][et_pb_column type=&#8221;3_5&#8243; _builder_version=&#8221;4.9.11&#8243; _module_preset=&#8221;default&#8221; global_colors_info=&#8221;{}&#8221;][et_pb_text _builder_version=&#8221;4.9.11&#8243; _module_preset=&#8221;default&#8221; global_colors_info=&#8221;{}&#8221;]<\/p>\n<p>A DecaSnax \u00e9 uma f\u00e1brica que procura acrescentar valor \u00e0 farinha de milho da DECA, convertendo-a em aperitivos fritos (snaxs) e assados (puffs) que s\u00e3o condimentados e vendidos no mercado em pacotes de 20g.<\/p>\n<p>O investimento \u00e9 um empreendimento conjunto com a Snacks of Africa, que trouxe a produ\u00e7\u00e3o e o IP operacional. A equipa da DECA trouxe o mercado e o IP da marca.<\/p>\n<p>A f\u00e1brica tem capacidade para produzir e fornecer mais de 6.000 embalagens (cada embalagem tem 50 pacotes) por dia e emprega 30 trabalhadores (sendo a maioria mulheres). A marca Deca Snax est\u00e1 a tornar-se muito popular como lanche, tanto nas escolas como nos mercados informais, em todas as cidades da Beira e Chimoio.<\/p>\n<p>[\/et_pb_text][et_pb_image src=&#8221;http:\/\/www.agriterra-ltd.com\/wp-content\/uploads\/2021\/09\/DSC_2154_exp-1200&#215;800-1.jpg&#8221; title_text=&#8221;DSC_2154_exp-1200&#215;800&#8243; _builder_version=&#8221;4.9.11&#8243; _module_preset=&#8221;default&#8221; border_radii=&#8221;on|5px|5px|5px|5px&#8221; global_colors_info=&#8221;{}&#8221;][\/et_pb_image][\/et_pb_column][\/et_pb_row][et_pb_row column_structure=&#8221;1_5,1_5,1_5,1_5,1_5&#8243; _builder_version=&#8221;4.9.11&#8243; _module_preset=&#8221;default&#8221; global_colors_info=&#8221;{}&#8221;][et_pb_column type=&#8221;1_5&#8243; _builder_version=&#8221;4.9.7&#8243; _module_preset=&#8221;default&#8221; global_colors_info=&#8221;{}&#8221;][et_pb_text _builder_version=&#8221;4.9.11&#8243; _module_preset=&#8221;default&#8221; text_font_size=&#8221;14px&#8221; background_color=&#8221;RGBA(0,0,0,0)&#8221; hover_enabled=&#8221;0&#8243; global_colors_info=&#8221;{}&#8221; sticky_enabled=&#8221;0&#8243;]<\/p>\n<h5><\/h5>\n<p><strong>DecaSnax Limitada<\/strong><\/p>\n<p>[\/et_pb_text][\/et_pb_column][et_pb_column type=&#8221;1_5&#8243; _builder_version=&#8221;4.9.7&#8243; _module_preset=&#8221;default&#8221; global_colors_info=&#8221;{}&#8221;][et_pb_text _builder_version=&#8221;4.9.11&#8243; _module_preset=&#8221;default&#8221; text_font_size=&#8221;14px&#8221; background_color=&#8221;RGBA(0,0,0,0)&#8221; global_colors_info=&#8221;{}&#8221;]<\/p>\n<h5><\/h5>\n<p><strong>Endere\u00e7o<\/strong><br \/>Talh\u00e3o AF-28<br \/>Bairro Tembwe, E.N.6<br \/>Chimoio<br \/>Prov\u00edncia de Manica<br \/>Mo\u00e7ambique<span style=\"color: #64943f;\"><\/span><\/p>\n<p>[\/et_pb_text][\/et_pb_column][et_pb_column type=&#8221;1_5&#8243; _builder_version=&#8221;4.9.11&#8243; _module_preset=&#8221;default&#8221; global_colors_info=&#8221;{}&#8221;][et_pb_text _builder_version=&#8221;4.9.11&#8243; _module_preset=&#8221;default&#8221; text_font_size=&#8221;14px&#8221; background_color=&#8221;RGBA(0,0,0,0)&#8221; global_colors_info=&#8221;{}&#8221;]<\/p>\n<h5><\/h5>\n<p><strong>GPS<br \/><\/strong>lat 19\u02da 6\u2019 12.71\u201d S<br \/>long 33\u02da 25\u2019 29.74\u201d E<\/p>\n<p><a href=\"https:\/\/goo.gl\/maps\/tsr4YR6vp7mUcadW9\">Google Earth<\/a><\/p>\n<p>&nbsp;<\/p>\n<p>[\/et_pb_text][\/et_pb_column][et_pb_column type=&#8221;1_5&#8243; _builder_version=&#8221;4.9.11&#8243; _module_preset=&#8221;default&#8221; global_colors_info=&#8221;{}&#8221;][et_pb_text _builder_version=&#8221;4.9.11&#8243; _module_preset=&#8221;default&#8221; text_font_size=&#8221;14px&#8221; background_color=&#8221;RGBA(0,0,0,0)&#8221; global_colors_info=&#8221;{}&#8221;]<\/p>\n<h5><\/h5>\n<p><strong>Contacto Comercial<\/strong><br \/>+258 85 309 2230<br \/><span style=\"color: #64943f;\">decasnax@deca-group.com<\/span><\/p>\n<p>[\/et_pb_text][\/et_pb_column][et_pb_column type=&#8221;1_5&#8243; _builder_version=&#8221;4.9.7&#8243; _module_preset=&#8221;default&#8221; global_colors_info=&#8221;{}&#8221;][\/et_pb_column][\/et_pb_row][\/et_pb_section]<\/p>\n","protected":false},"excerpt":{"rendered":"<p>A DecaSnax est\u00e1 a acrescentar valor \u00e0 farinha de milho DECA, transformando os subprodutos do milho numa vasta gama de aperitivos fritos e assados com condimentos.A DecaSnax \u00e9 uma f\u00e1brica que procura acrescentar valor \u00e0 farinha de milho da DECA, convertendo-a em aperitivos fritos (snaxs) e assados (puffs) que s\u00e3o condimentados e vendidos no mercado [&hellip;]<\/p>\n","protected":false},"author":1,"featured_media":3425,"parent":3557,"menu_order":0,"comment_status":"closed","ping_status":"closed","template":"","meta":{"_et_pb_use_builder":"on","_et_pb_old_content":"","_et_gb_content_width":"","footnotes":""},"class_list":["post-3459","page","type-page","status-publish","has-post-thumbnail","hentry"],"_links":{"self":[{"href":"http:\/\/www.agriterra-ltd.com\/pt-pt\/wp-json\/wp\/v2\/pages\/3459","targetHints":{"allow":["GET"]}}],"collection":[{"href":"http:\/\/www.agriterra-ltd.com\/pt-pt\/wp-json\/wp\/v2\/pages"}],"about":[{"href":"http:\/\/www.agriterra-ltd.com\/pt-pt\/wp-json\/wp\/v2\/types\/page"}],"author":[{"embeddable":true,"href":"http:\/\/www.agriterra-ltd.com\/pt-pt\/wp-json\/wp\/v2\/users\/1"}],"replies":[{"embeddable":true,"href":"http:\/\/www.agriterra-ltd.com\/pt-pt\/wp-json\/wp\/v2\/comments?post=3459"}],"version-history":[{"count":7,"href":"http:\/\/www.agriterra-ltd.com\/pt-pt\/wp-json\/wp\/v2\/pages\/3459\/revisions"}],"predecessor-version":[{"id":3466,"href":"http:\/\/www.agriterra-ltd.com\/pt-pt\/wp-json\/wp\/v2\/pages\/3459\/revisions\/3466"}],"up":[{"embeddable":true,"href":"http:\/\/www.agriterra-ltd.com\/pt-pt\/wp-json\/wp\/v2\/pages\/3557"}],"wp:featuredmedia":[{"embeddable":true,"href":"http:\/\/www.agriterra-ltd.com\/pt-pt\/wp-json\/wp\/v2\/media\/3425"}],"wp:attachment":[{"href":"http:\/\/www.agriterra-ltd.com\/pt-pt\/wp-json\/wp\/v2\/media?parent=3459"}],"curies":[{"name":"wp","href":"https:\/\/api.w.org\/{rel}","templated":true}]}}