{"id":3467,"date":"2021-11-12T13:17:28","date_gmt":"2021-11-12T13:17:28","guid":{"rendered":"http:\/\/www.agriterra-ltd.com\/mozbife-limitada\/"},"modified":"2021-11-12T13:17:30","modified_gmt":"2021-11-12T13:17:30","slug":"mozbife-limitada","status":"publish","type":"page","link":"http:\/\/www.agriterra-ltd.com\/pt-pt\/descubra-a-agriterra\/mozbife-limitada\/","title":{"rendered":"Mozbife Limitada"},"content":{"rendered":"<p>[et_pb_section fb_built=&#8221;1&#8243; _builder_version=&#8221;4.9.7&#8243; _module_preset=&#8221;default&#8221; global_colors_info=&#8221;{}&#8221;][et_pb_row column_structure=&#8221;2_5,3_5&#8243; _builder_version=&#8221;4.9.7&#8243; _module_preset=&#8221;default&#8221; global_colors_info=&#8221;{}&#8221;][et_pb_column type=&#8221;2_5&#8243; _builder_version=&#8221;4.9.7&#8243; _module_preset=&#8221;default&#8221; global_colors_info=&#8221;{}&#8221;][et_pb_text _builder_version=&#8221;4.9.11&#8243; _module_preset=&#8221;default&#8221; text_text_color=&#8221;gcid-00ec1e73-9046-4e60-97d6-5ba89ce263d2&#8243; header_font=&#8221;|300|||||||&#8221; header_text_color=&#8221;gcid-bb983546-35fc-4e95-8843-852c140137ae&#8221; header_font_size=&#8221;26px&#8221; global_colors_info=&#8221;{%22gcid-00ec1e73-9046-4e60-97d6-5ba89ce263d2%22:%91%22text_text_color%22%93,%22gcid-bb983546-35fc-4e95-8843-852c140137ae%22:%91%22header_text_color%22%93}&#8221;]<\/p>\n<h1>A Mozbife \u00e9 uma empresa verticalmente integrada, comprando gado a aos agricultores rurais e comerciais locais, e processando-o atrav\u00e9s do nosso confinamento, matadouro e opera\u00e7\u00f5es de venda a grosso e a retalho. A Mozbife tem tamb\u00e9m mais de 20.000 hectares de activos agr\u00edcolas\/de fazenda.<\/h1>\n<p>[\/et_pb_text][\/et_pb_column][et_pb_column type=&#8221;3_5&#8243; _builder_version=&#8221;4.9.7&#8243; _module_preset=&#8221;default&#8221; global_colors_info=&#8221;{}&#8221;][et_pb_text _builder_version=&#8221;4.9.7&#8243; _module_preset=&#8221;default&#8221; global_colors_info=&#8221;{}&#8221;]<\/p>\n<p>A Mozbife foi criada para fornecer produtos de carne bovina tanto para o mercado interno em Mo\u00e7ambique como para exporta\u00e7\u00e3o. O consumo de carne bovina em Mo\u00e7ambique tem vindo a aumentar constantemente e prev\u00ea-se que continue a crescer no futuro \u00e0 medida que o n\u00edvel de vida em todo o pa\u00eds melhora, juntamente com o crescimento esperado do desenvolvimento da ind\u00fastria do g\u00e1s natural no norte do pa\u00eds.<\/p>\n<p>A actual estrat\u00e9gia do Grupo consiste em comprar gado a partir dos agricultores locais, engordar no confinamento de Vanduzi, abater e talhar no matadouro de Chimoio, que por sua vez abastece as unidades retalhistas e o mercado grossista. O nosso foco actual \u00e9 o mercado grossista, mas continuamos a avaliar novas unidades retalhistas em locais estrat\u00e9gicos para tirar partido das oportunidades de desenvolvimento regional. Esta abordagem empresarial integrada permite ao Grupo maximizar as receitas e margens de toda a cadeia de valor, ao mesmo tempo que minimiza novos investimentos adicionais.<\/p>\n<p>Anteriormente, a Mozbife estava tamb\u00e9m envolvida no desenvolvimento de fazendas\/explora\u00e7\u00f5es agr\u00edcolas de carne bovina, com um efectivo reprodutor em crescimento. Este desenvolvimento foi suspenso em Junho de 2016 devido \u00e0 tens\u00e3o pol\u00edtica e militar vivida em Mo\u00e7ambique durante os anos civis de 2015 e 2016. As infra-estruturas das fazendas foram mantidas e continuamos a avaliar a nossa propriedade agr\u00edcola que, a longo prazo, continua a ser um activo importante para abastecer os nossos pontos de venda a retalho e capitalizar as potenciais oportunidades de exporta\u00e7\u00e3o com produtos de carne bovina de alta qualidade. Esta infra-estrutura e potencial de capacidade estabelecidos significam que estamos bem colocados para o crescimento, uma vez restabelecidas as condi\u00e7\u00f5es de investimento adequadas para esta infra-estrutura mais rural em Mo\u00e7ambique.<\/p>\n<p>[\/et_pb_text][\/et_pb_column][\/et_pb_row][et_pb_row column_structure=&#8221;3_5,2_5&#8243; _builder_version=&#8221;4.9.11&#8243; _module_preset=&#8221;default&#8221; use_background_color_gradient=&#8221;on&#8221; background_color_gradient_start=&#8221;#d8a299&#8243; background_color_gradient_end=&#8221;rgba(0,0,0,0)&#8221; background_color_gradient_end_position=&#8221;73%&#8221; background_image=&#8221;http:\/\/www.agriterra-ltd.com\/wp-content\/uploads\/2021\/07\/02-1.jpg&#8221; background_blend=&#8221;soft-light&#8221; custom_margin=&#8221;30px||30px||true|false&#8221; custom_padding=&#8221;40px||230px|50px|false|false&#8221; global_colors_info=&#8221;{}&#8221;][et_pb_column type=&#8221;3_5&#8243; _builder_version=&#8221;4.9.7&#8243; _module_preset=&#8221;default&#8221; global_colors_info=&#8221;{}&#8221;][et_pb_text _builder_version=&#8221;4.9.11&#8243; _module_preset=&#8221;default&#8221; text_text_color=&#8221;#FFFFFF&#8221; text_font_size=&#8221;21px&#8221; text_line_height=&#8221;1.5em&#8221; background_layout=&#8221;dark&#8221; text_text_shadow_style=&#8221;preset2&#8243; text_text_shadow_blur_strength=&#8221;0.09em&#8221; global_colors_info=&#8221;{}&#8221;]<\/p>\n<p>O consumo de carne bovina em Mo\u00e7ambique tem vindo a aumentar constantemente e prev\u00ea-se que continue a crescer rapidamente \u00e0 medida que o pa\u00eds experimente um r\u00e1pido crescimento a partir do desenvolvimento dos recursos de g\u00e1s natural e \u00e0 medida que o n\u00edvel de vida melhore.<\/p>\n<p>[\/et_pb_text][\/et_pb_column][et_pb_column type=&#8221;2_5&#8243; _builder_version=&#8221;4.9.7&#8243; _module_preset=&#8221;default&#8221; global_colors_info=&#8221;{}&#8221;][\/et_pb_column][\/et_pb_row][et_pb_row column_structure=&#8221;2_5,3_5&#8243; _builder_version=&#8221;4.9.7&#8243; _module_preset=&#8221;default&#8221; global_colors_info=&#8221;{}&#8221;][et_pb_column type=&#8221;2_5&#8243; _builder_version=&#8221;4.9.7&#8243; _module_preset=&#8221;default&#8221; global_colors_info=&#8221;{}&#8221;][et_pb_text _builder_version=&#8221;4.9.11&#8243; _module_preset=&#8221;default&#8221; header_text_color=&#8221;gcid-bb983546-35fc-4e95-8843-852c140137ae&#8221; global_colors_info=&#8221;{%22gcid-bb983546-35fc-4e95-8843-852c140137ae%22:%91%22header_text_color%22%93}&#8221;]<\/p>\n<h1>Confinamento de Vanduzi<\/h1>\n<p>[\/et_pb_text][\/et_pb_column][et_pb_column type=&#8221;3_5&#8243; _builder_version=&#8221;4.9.7&#8243; _module_preset=&#8221;default&#8221; global_colors_info=&#8221;{}&#8221;][et_pb_text _builder_version=&#8221;4.9.7&#8243; _module_preset=&#8221;default&#8221; global_colors_info=&#8221;{}&#8221;]<\/p>\n<h4>A Mozbife \u00e9 propriet\u00e1ria e opera o confinamento de Vanduzi, localizado perto de Chimoio, Centro de Mo\u00e7ambique.<\/h4>\n<p>O confinamento de Vanduzi tem capacidade para fornecer mais de 1.000 animais por m\u00eas ao matadouro. A maioria dos animais s\u00e3o adquiridos aos agricultores rurais e comerciais nas zonas circundantes para engordar no confinamento. O aumento do peso dos animais atrav\u00e9s do processo de engorda, e os respectivos custos vari\u00e1veis e fixos do confinamento, permite que a opera\u00e7\u00e3o contribua para a gera\u00e7\u00e3o l\u00edquida de dinheiro das opera\u00e7\u00f5es de carne bovina.<\/p>\n<p>Em conjunto com os currais de alimenta\u00e7\u00e3o Vanduzi tem tamb\u00e9m 1.050 hectares de terra para pastagem e produ\u00e7\u00e3o de ra\u00e7\u00e3o. Isto ajuda a manter os custos de alimenta\u00e7\u00e3o baixos e mant\u00e9m uma opera\u00e7\u00e3o integrada. Al\u00e9m disso, o confinamento trabalha estrategicamente com outras empresas do Grupo, por exemplo, utilizando farelo, o subproduto das instala\u00e7\u00f5es de processamento de cereais, como suplemento alimentar para o gado.<\/p>\n<p>&nbsp;<\/p>\n<p>[\/et_pb_text][\/et_pb_column][\/et_pb_row][et_pb_row column_structure=&#8221;2_5,3_5&#8243; _builder_version=&#8221;4.9.7&#8243; _module_preset=&#8221;default&#8221; global_colors_info=&#8221;{}&#8221;][et_pb_column type=&#8221;2_5&#8243; _builder_version=&#8221;4.9.7&#8243; _module_preset=&#8221;default&#8221; global_colors_info=&#8221;{}&#8221;][et_pb_text _builder_version=&#8221;4.9.11&#8243; _module_preset=&#8221;default&#8221; header_text_color=&#8221;gcid-bb983546-35fc-4e95-8843-852c140137ae&#8221; global_colors_info=&#8221;{%22gcid-bb983546-35fc-4e95-8843-852c140137ae%22:%91%22header_text_color%22%93}&#8221;]<\/p>\n<h1>Matadouro de Chimoio<\/h1>\n<p>[\/et_pb_text][\/et_pb_column][et_pb_column type=&#8221;3_5&#8243; _builder_version=&#8221;4.9.7&#8243; _module_preset=&#8221;default&#8221; global_colors_info=&#8221;{}&#8221;][et_pb_text _builder_version=&#8221;4.9.7&#8243; _module_preset=&#8221;default&#8221; global_colors_info=&#8221;{}&#8221;]<\/p>\n<h4>A Mozbife opera um matadouro em Chimoio e v\u00e1rias unidades retalhistas em todo o pa\u00eds, para assegurar que o Grupo beneficie da valoriza\u00e7\u00e3o total do produto talhado.<\/h4>\n<p>O confinamento de Vanduzi fornece ~1.000 animais por m\u00eas ao matadouro e este \u00e9 ainda complementado por animais nativos da comunidade local, incluindo cabras.<\/p>\n<p>A Mozbife opera quatro unidades retalhistas em Chimoio, Manica, e Nampula (duas unidades). As unidades retalhistas, que s\u00e3o fornecidas com carca\u00e7as do matadouro, s\u00e3o uma pe\u00e7a chave da estrat\u00e9gia integrada de Mozbife, &#8220;campo ao garfo&#8221;. As unidades retalhistas t\u00eam um forte desempenho para o Grupo, sustentado pela procura dom\u00e9stica de carne.<\/p>\n<p>O matadouro tem certifica\u00e7\u00e3o de Halal, garantindo que a carne possa, no futuro, ser exportada para o mercado do M\u00e9dio Oriente em r\u00e1pido crescimento, para al\u00e9m de satisfazer a procura local.<\/p>\n<p>&nbsp;<\/p>\n<p>&nbsp;<\/p>\n<p>[\/et_pb_text][\/et_pb_column][\/et_pb_row][et_pb_row column_structure=&#8221;2_5,3_5&#8243; _builder_version=&#8221;4.9.7&#8243; _module_preset=&#8221;default&#8221; global_colors_info=&#8221;{}&#8221;][et_pb_column type=&#8221;2_5&#8243; _builder_version=&#8221;4.9.7&#8243; _module_preset=&#8221;default&#8221; global_colors_info=&#8221;{}&#8221;][et_pb_text _builder_version=&#8221;4.9.11&#8243; _module_preset=&#8221;default&#8221; header_text_color=&#8221;gcid-bb983546-35fc-4e95-8843-852c140137ae&#8221; global_colors_info=&#8221;{%22gcid-bb983546-35fc-4e95-8843-852c140137ae%22:%91%22header_text_color%22%93}&#8221;]<\/p>\n<h1>Fazendas \/ Explora\u00e7\u00f5es agr\u00edcolas<\/h1>\n<p>[\/et_pb_text][\/et_pb_column][et_pb_column type=&#8221;3_5&#8243; _builder_version=&#8221;4.9.7&#8243; _module_preset=&#8221;default&#8221; global_colors_info=&#8221;{}&#8221;][et_pb_text _builder_version=&#8221;4.9.7&#8243; _module_preset=&#8221;default&#8221; global_colors_info=&#8221;{}&#8221;]<\/p>\n<h4>A Mozbife tem fazendas\/explora\u00e7\u00f5es agr\u00edcolas (as &#8216;Quintas&#8217;) que cobrem aproximadamente 20.350 hectares na Prov\u00edncia de Manica, nos seguintes locais:<\/h4>\n<ul>\n<li>Mavonde &#8211; 2.350 Hectares<\/li>\n<li>Inhazonia &#8211; 2.500 Hectares<\/li>\n<li>Dombe &#8211; 15,500 Hectares<\/li>\n<\/ul>\n<p>A Quinta de Mavonde tem aproximadamente 370 hectares de pastagens irrigadas e beneficia de uma barragem de 48 bili\u00f5es de litros. A barragem tem a capacidade de irrigar mais de 4.000 hectares. A Quinta de Inhazonia tem aproximadamente 120 hectares de pastagens irrigadas, com \u00e1gua fornecida durante todo o ano por rio que atravessa a propriedade.<\/p>\n<p>As Quintas foram anteriormente utilizadas para a cria\u00e7\u00e3o de gado, uma actividade suspensa pelo Grupo em Junho de 2016 como resultado da experi\u00eancia de tens\u00e3o militar e pol\u00edtica em Mo\u00e7ambique nessa altura. As Quintas est\u00e3o actualmente em &#8220;cuidado e manuten\u00e7\u00e3o&#8221;, ou s\u00e3o utilizadas para a alimenta\u00e7\u00e3o m\u00ednima de animais antes de serem levadas para o confinamento de Vanduzi.<\/p>\n<p>A longo prazo, as Quintas continuam a ser um trunfo importante para o Grupo, a fim de abastecer os nossos pontos de venda a retalho e capitalizar as potenciais oportunidades de exporta\u00e7\u00e3o com produtos de carne bovina de alta qualidade. As infra-estruturas e o potencial de capacidade estabelecidos significam que estamos bem colocados para o crescimento, uma vez restabelecidas em Mo\u00e7ambique as condi\u00e7\u00f5es de investimento adequadas para esta infra-estrutura mais rural.<\/p>\n<p>A curto prazo, estamos a avaliar utiliza\u00e7\u00f5es alternativas para as Quintas, incluindo poss\u00edveis culturas de rendimento.<\/p>\n<p>[\/et_pb_text][\/et_pb_column][\/et_pb_row][et_pb_row column_structure=&#8221;1_5,1_5,1_5,1_5,1_5&#8243; _builder_version=&#8221;4.9.11&#8243; _module_preset=&#8221;default&#8221; global_colors_info=&#8221;{}&#8221;][et_pb_column type=&#8221;1_5&#8243; _builder_version=&#8221;4.9.11&#8243; _module_preset=&#8221;default&#8221; global_colors_info=&#8221;{}&#8221;][\/et_pb_column][et_pb_column type=&#8221;1_5&#8243; _builder_version=&#8221;4.9.11&#8243; _module_preset=&#8221;default&#8221; global_colors_info=&#8221;{}&#8221;][\/et_pb_column][et_pb_column type=&#8221;1_5&#8243; _builder_version=&#8221;4.9.11&#8243; _module_preset=&#8221;default&#8221; global_colors_info=&#8221;{}&#8221;][\/et_pb_column][et_pb_column type=&#8221;1_5&#8243; _builder_version=&#8221;4.9.11&#8243; _module_preset=&#8221;default&#8221; global_colors_info=&#8221;{}&#8221;][\/et_pb_column][et_pb_column type=&#8221;1_5&#8243; _builder_version=&#8221;4.9.11&#8243; _module_preset=&#8221;default&#8221; global_colors_info=&#8221;{}&#8221;][\/et_pb_column][\/et_pb_row][et_pb_row column_structure=&#8221;1_5,1_5,1_5,1_5,1_5&#8243; _builder_version=&#8221;4.9.11&#8243; _module_preset=&#8221;default&#8221; global_colors_info=&#8221;{}&#8221;][et_pb_column type=&#8221;1_5&#8243; _builder_version=&#8221;4.9.7&#8243; _module_preset=&#8221;default&#8221; global_colors_info=&#8221;{}&#8221;][et_pb_text _builder_version=&#8221;4.9.11&#8243; _module_preset=&#8221;default&#8221; text_font_size=&#8221;14px&#8221; background_color=&#8221;RGBA(0,0,0,0)&#8221; hover_enabled=&#8221;0&#8243; global_colors_info=&#8221;{}&#8221; sticky_enabled=&#8221;0&#8243;]<\/p>\n<h5><\/h5>\n<p><strong>MozBife Limitada<\/strong><\/p>\n<p>[\/et_pb_text][\/et_pb_column][et_pb_column type=&#8221;1_5&#8243; _builder_version=&#8221;4.9.7&#8243; _module_preset=&#8221;default&#8221; global_colors_info=&#8221;{}&#8221;][et_pb_text _builder_version=&#8221;4.9.11&#8243; _module_preset=&#8221;default&#8221; text_font_size=&#8221;14px&#8221; background_color=&#8221;RGBA(0,0,0,0)&#8221; global_colors_info=&#8221;{}&#8221;]<\/p>\n<h5><\/h5>\n<p><strong>Endere\u00e7o<\/strong><br \/>Posto Adm Nhamasjessa<br \/>Hombwa<br \/>Rua Sussendenga<br \/>Chimoio 2200<br \/>Manica Province Mozambique<br \/><span style=\"color: #64943f;\"><\/span><\/p>\n<p>[\/et_pb_text][\/et_pb_column][et_pb_column type=&#8221;1_5&#8243; _builder_version=&#8221;4.9.11&#8243; _module_preset=&#8221;default&#8221; global_colors_info=&#8221;{}&#8221;][et_pb_text _builder_version=&#8221;4.9.11&#8243; _module_preset=&#8221;default&#8221; text_font_size=&#8221;14px&#8221; background_color=&#8221;RGBA(0,0,0,0)&#8221; global_colors_info=&#8221;{}&#8221; hover_enabled=&#8221;0&#8243; sticky_enabled=&#8221;0&#8243;]<\/p>\n<h5><\/h5>\n<p><strong>GPS<br \/><\/strong>lat 19\u02da 8\u2019 58.79\u201d S<br \/>long 33\u02da 29\u2019 45.49\u201d E<\/p>\n<p><a href=\"https:\/\/goo.gl\/maps\/Ncy2DfB8oebfdrm6A\">Google Earth<\/a><\/p>\n<p>&nbsp;<\/p>\n<p>[\/et_pb_text][\/et_pb_column][et_pb_column type=&#8221;1_5&#8243; _builder_version=&#8221;4.9.11&#8243; _module_preset=&#8221;default&#8221; global_colors_info=&#8221;{}&#8221;][et_pb_text _builder_version=&#8221;4.9.11&#8243; _module_preset=&#8221;default&#8221; text_font_size=&#8221;14px&#8221; background_color=&#8221;RGBA(0,0,0,0)&#8221; global_colors_info=&#8221;{}&#8221;]<\/p>\n<h5><\/h5>\n<p><strong>Contacto Comercial<\/strong><br \/>+258 84 310 9086<br \/><span style=\"color: #64943f;\">info@mozbife.co.mz<\/span><\/p>\n<p>[\/et_pb_text][\/et_pb_column][et_pb_column type=&#8221;1_5&#8243; _builder_version=&#8221;4.9.7&#8243; _module_preset=&#8221;default&#8221; global_colors_info=&#8221;{}&#8221;][\/et_pb_column][\/et_pb_row][\/et_pb_section]<\/p>\n","protected":false},"excerpt":{"rendered":"<p>A Mozbife \u00e9 uma empresa verticalmente integrada, comprando gado a aos agricultores rurais e comerciais locais, e processando-o atrav\u00e9s do nosso confinamento, matadouro e opera\u00e7\u00f5es de venda a grosso e a retalho. A Mozbife tem tamb\u00e9m mais de 20.000 hectares de activos agr\u00edcolas\/de fazenda.A Mozbife foi criada para fornecer produtos de carne bovina tanto para [&hellip;]<\/p>\n","protected":false},"author":1,"featured_media":3379,"parent":3557,"menu_order":0,"comment_status":"closed","ping_status":"closed","template":"","meta":{"_et_pb_use_builder":"on","_et_pb_old_content":"","_et_gb_content_width":"","footnotes":""},"class_list":["post-3467","page","type-page","status-publish","has-post-thumbnail","hentry"],"_links":{"self":[{"href":"http:\/\/www.agriterra-ltd.com\/pt-pt\/wp-json\/wp\/v2\/pages\/3467","targetHints":{"allow":["GET"]}}],"collection":[{"href":"http:\/\/www.agriterra-ltd.com\/pt-pt\/wp-json\/wp\/v2\/pages"}],"about":[{"href":"http:\/\/www.agriterra-ltd.com\/pt-pt\/wp-json\/wp\/v2\/types\/page"}],"author":[{"embeddable":true,"href":"http:\/\/www.agriterra-ltd.com\/pt-pt\/wp-json\/wp\/v2\/users\/1"}],"replies":[{"embeddable":true,"href":"http:\/\/www.agriterra-ltd.com\/pt-pt\/wp-json\/wp\/v2\/comments?post=3467"}],"version-history":[{"count":7,"href":"http:\/\/www.agriterra-ltd.com\/pt-pt\/wp-json\/wp\/v2\/pages\/3467\/revisions"}],"predecessor-version":[{"id":3474,"href":"http:\/\/www.agriterra-ltd.com\/pt-pt\/wp-json\/wp\/v2\/pages\/3467\/revisions\/3474"}],"up":[{"embeddable":true,"href":"http:\/\/www.agriterra-ltd.com\/pt-pt\/wp-json\/wp\/v2\/pages\/3557"}],"wp:featuredmedia":[{"embeddable":true,"href":"http:\/\/www.agriterra-ltd.com\/pt-pt\/wp-json\/wp\/v2\/media\/3379"}],"wp:attachment":[{"href":"http:\/\/www.agriterra-ltd.com\/pt-pt\/wp-json\/wp\/v2\/media?parent=3467"}],"curies":[{"name":"wp","href":"https:\/\/api.w.org\/{rel}","templated":true}]}}