{"id":3475,"date":"2021-11-12T13:23:17","date_gmt":"2021-11-12T13:23:17","guid":{"rendered":"http:\/\/www.agriterra-ltd.com\/estrategia\/"},"modified":"2021-11-12T19:47:25","modified_gmt":"2021-11-12T19:47:25","slug":"estrategia","status":"publish","type":"page","link":"http:\/\/www.agriterra-ltd.com\/pt-pt\/relacoes-com-investidores\/estrategia\/","title":{"rendered":"Estrat\u00e9gia"},"content":{"rendered":"<p>[et_pb_section fb_built=&#8221;1&#8243; _builder_version=&#8221;4.9.7&#8243; _module_preset=&#8221;default&#8221; global_colors_info=&#8221;{}&#8221;][et_pb_row column_structure=&#8221;2_5,3_5&#8243; _builder_version=&#8221;4.9.7&#8243; _module_preset=&#8221;default&#8221; global_colors_info=&#8221;{}&#8221;][et_pb_column type=&#8221;2_5&#8243; _builder_version=&#8221;4.9.7&#8243; _module_preset=&#8221;default&#8221; global_colors_info=&#8221;{}&#8221;][et_pb_text _builder_version=&#8221;4.9.7&#8243; _module_preset=&#8221;default&#8221; header_font=&#8221;|300|||||||&#8221; header_text_color=&#8221;gcid-52324441-8126-4af2-a4fb-306d5a78afbc&#8221; global_colors_info=&#8221;{%22gcid-52324441-8126-4af2-a4fb-306d5a78afbc%22:%91%22header_text_color%22%93,%22gcid-748af794-17a0-4676-a949-c302c6d8ed2b%22:%91%93}&#8221;]<\/p>\n<h1>A Agriterra est\u00e1 centrada no investimento agr\u00edcola e no desenvolvimento sustent\u00e1vel na \u00c1frica Austral, fornecendo produtos alimentares de alta qualidade para os mercados locais, ao mesmo tempo que melhora a subsist\u00eancia de mais de 250.000 pequenos agricultores, melhorando o seu acesso aos mercados.<\/h1>\n<p>[\/et_pb_text][\/et_pb_column][et_pb_column type=&#8221;3_5&#8243; _builder_version=&#8221;4.9.7&#8243; _module_preset=&#8221;default&#8221; global_colors_info=&#8221;{}&#8221;][et_pb_text _builder_version=&#8221;4.9.11&#8243; _module_preset=&#8221;default&#8221; global_colors_info=&#8221;{}&#8221;]<\/p>\n<p style=\"text-align: justify\">Operando em Mo\u00e7ambique, a estrat\u00e9gia a longo prazo da Agriterra \u00e9 tornar-se um dos maiores agro-operadores e principais fornecedores de alimentos na \u00c1frica Austral.<\/p>\n<p style=\"text-align: justify\">A Empresa tem actualmente tr\u00eas divis\u00f5es agr\u00edcolas operacionais:<\/p>\n<ul style=\"text-align: justify\">\n<li><strong>Gr\u00e3o<\/strong>, que opera neg\u00f3cios de compra e transforma\u00e7\u00e3o de milho atrav\u00e9s da <a href=\"http:\/\/www.agriterra-ltd.com\/pt-pt\/descubra-a-agriterra\/deca-limitada\/\">Desenvolvimento e Comercializa\u00e7\u00e3o Agr\u00edcola Limitada (&#8216;DECA&#8217;)<\/a> e <a href=\"http:\/\/www.agriterra-ltd.com\/pt-pt\/descubra-a-agriterra\/compagri\/\">Compagri Limitada (&#8216;Compagri&#8217;)<\/a><\/li>\n<li><strong>Carne de vaca<\/strong>, que se abastece de gado dos agricultores locais e depois o processa no seu pr\u00f3prio confinamento e matadouro atrav\u00e9s da <a href=\"http:\/\/www.agriterra-ltd.com\/pt-pt\/descubra-a-agriterra\/mozbife-limitada\/\">Mozbife Limitada (&#8220;Mozbife&#8221;)<\/a><\/li>\n<li><span style=\"font-weight: 400\"><strong>Snax<\/strong>, que transforma os subprodutos do milho em aperitivos fritos e assados com condimentos atrav\u00e9s da <a href=\"http:\/\/www.agriterra-ltd.com\/pt-pt\/descubra-a-agriterra\/decasnax-limitada\/\">DecaSnax Limitada (&#8220;DecaSnax&#8221;)<\/a>. <\/span><\/li>\n<\/ul>\n<p style=\"text-align: justify\"><span style=\"font-weight: 400\">A Empresa construiu marcas fortes em Mo\u00e7ambique e estabeleceu redes de distribui\u00e7\u00e3o que permitem tanto a grossistas como a retalhistas o acesso directo aos nossos produtos. A Direc\u00e7\u00e3o pretende utilizar estas bases para crescer e diversificar a sua gama de produtos a fim de ganhar mais quota de mercado do sector agr\u00edcola em Mo\u00e7ambique e explorar oportunidades de exporta\u00e7\u00e3o e investimento nos pa\u00edses vizinhos.<\/span><\/p>\n<p style=\"text-align: justify\"><span style=\"font-weight: 400\">Os <a href=\"http:\/\/agriterralimited.com\/investor-relations\/directors\/\">directores<\/a> da Agriterra t\u00eam uma vasta experi\u00eancia a operar em \u00c1frica, e esta experi\u00eancia e as redes de contactos dos directores ser\u00e3o plenamente utilizadas para galvanizar o crescimento da Empresa.<\/span><\/p>\n<p>[\/et_pb_text][\/et_pb_column][\/et_pb_row][\/et_pb_section]<\/p>\n","protected":false},"excerpt":{"rendered":"<p>A Agriterra est\u00e1 centrada no investimento agr\u00edcola e no desenvolvimento sustent\u00e1vel na \u00c1frica Austral, fornecendo produtos alimentares de alta qualidade para os mercados locais, ao mesmo tempo que melhora a subsist\u00eancia de mais de 250.000 pequenos agricultores, melhorando o seu acesso aos mercados.Operando em Mo\u00e7ambique, a estrat\u00e9gia a longo prazo da Agriterra \u00e9 tornar-se um [&hellip;]<\/p>\n","protected":false},"author":1,"featured_media":3371,"parent":3563,"menu_order":0,"comment_status":"closed","ping_status":"closed","template":"","meta":{"_et_pb_use_builder":"on","_et_pb_old_content":"","_et_gb_content_width":"","footnotes":""},"class_list":["post-3475","page","type-page","status-publish","has-post-thumbnail","hentry"],"_links":{"self":[{"href":"http:\/\/www.agriterra-ltd.com\/pt-pt\/wp-json\/wp\/v2\/pages\/3475","targetHints":{"allow":["GET"]}}],"collection":[{"href":"http:\/\/www.agriterra-ltd.com\/pt-pt\/wp-json\/wp\/v2\/pages"}],"about":[{"href":"http:\/\/www.agriterra-ltd.com\/pt-pt\/wp-json\/wp\/v2\/types\/page"}],"author":[{"embeddable":true,"href":"http:\/\/www.agriterra-ltd.com\/pt-pt\/wp-json\/wp\/v2\/users\/1"}],"replies":[{"embeddable":true,"href":"http:\/\/www.agriterra-ltd.com\/pt-pt\/wp-json\/wp\/v2\/comments?post=3475"}],"version-history":[{"count":3,"href":"http:\/\/www.agriterra-ltd.com\/pt-pt\/wp-json\/wp\/v2\/pages\/3475\/revisions"}],"predecessor-version":[{"id":3478,"href":"http:\/\/www.agriterra-ltd.com\/pt-pt\/wp-json\/wp\/v2\/pages\/3475\/revisions\/3478"}],"up":[{"embeddable":true,"href":"http:\/\/www.agriterra-ltd.com\/pt-pt\/wp-json\/wp\/v2\/pages\/3563"}],"wp:featuredmedia":[{"embeddable":true,"href":"http:\/\/www.agriterra-ltd.com\/pt-pt\/wp-json\/wp\/v2\/media\/3371"}],"wp:attachment":[{"href":"http:\/\/www.agriterra-ltd.com\/pt-pt\/wp-json\/wp\/v2\/media?parent=3475"}],"curies":[{"name":"wp","href":"https:\/\/api.w.org\/{rel}","templated":true}]}}