{"id":3494,"date":"2021-11-12T17:19:31","date_gmt":"2021-11-12T17:19:31","guid":{"rendered":"http:\/\/www.agriterra-ltd.com\/directores-e-direccao-senior\/"},"modified":"2021-11-14T00:23:02","modified_gmt":"2021-11-14T00:23:02","slug":"directores-e-direccao-senior","status":"publish","type":"page","link":"http:\/\/www.agriterra-ltd.com\/pt-pt\/relacoes-com-investidores\/directores-e-direccao-senior\/","title":{"rendered":"Directores e Direc\u00e7\u00e3o S\u00e9nior"},"content":{"rendered":"<p>[et_pb_section fb_built=&#8221;1&#8243; _builder_version=&#8221;4.9.7&#8243; _module_preset=&#8221;default&#8221; custom_padding=&#8221;3px|||||&#8221; global_colors_info=&#8221;{}&#8221;][et_pb_row column_structure=&#8221;1_3,1_3,1_3&#8243; _builder_version=&#8221;4.9.11&#8243; _module_preset=&#8221;default&#8221; custom_margin=&#8221;40px||||false|false&#8221; global_colors_info=&#8221;{}&#8221;][et_pb_column type=&#8221;1_3&#8243; _builder_version=&#8221;4.9.7&#8243; _module_preset=&#8221;default&#8221; global_colors_info=&#8221;{}&#8221;][et_pb_blurb title=&#8221;Conselho de Administra\u00e7\u00e3o&#8221; content_max_width=&#8221;1100px&#8221; _builder_version=&#8221;4.9.11&#8243; _module_preset=&#8221;default&#8221; header_level=&#8221;h1&#8243; header_font=&#8221;|300|||||||&#8221; header_text_color=&#8221;#629539&#8243; header_font_size=&#8221;26px&#8221; body_text_color=&#8221;gcid-ef4b1d47-c259-4893-9b8a-6e6871d1a365&#8243; body_line_height=&#8221;1.5em&#8221; global_colors_info=&#8221;{%22gcid-52324441-8126-4af2-a4fb-306d5a78afbc%22:%91%22header_text_color%22%93,%22gcid-ef4b1d47-c259-4893-9b8a-6e6871d1a365%22:%91%22body_text_color%22%93}&#8221;]<\/p>\n<p><span style=\"font-weight: 400\">Os directores da Agriterra t\u00eam uma vasta experi\u00eancia a operar em \u00c1frica, e esta experi\u00eancia, bem como as suas redes de contactos, ser\u00e3o utilizadas para alimentar o crescimento da Empresa.<\/span><\/p>\n<p>[\/et_pb_blurb][\/et_pb_column][et_pb_column type=&#8221;1_3&#8243; _builder_version=&#8221;4.9.7&#8243; _module_preset=&#8221;default&#8221; global_colors_info=&#8221;{}&#8221;][et_pb_image src=&#8221;http:\/\/www.agriterra-ltd.com\/wp-content\/uploads\/2021\/09\/AGRI21_People_CH01.jpg&#8221; title_text=&#8221;AGRI21_People_CH01&#8243; _builder_version=&#8221;4.9.11&#8243; _module_preset=&#8221;default&#8221; background_enable_color=&#8221;off&#8221; max_height=&#8221;150px&#8221; filter_saturate=&#8221;0%&#8221; border_radii=&#8221;on|5px|5px|5px|5px&#8221; global_colors_info=&#8221;{%22gcid-52324441-8126-4af2-a4fb-306d5a78afbc%22:%91%93,%22gcid-42aebcf4-48e5-425e-a47f-ba3c8d630070%22:%91%93,%22gcid-ef4b1d47-c259-4893-9b8a-6e6871d1a365%22:%91%93,%22gcid-bae34f91-73d6-4fd0-9f39-2fd6c88d37c6%22:%91%93}&#8221;][\/et_pb_image][et_pb_text _builder_version=&#8221;4.9.7&#8243; _module_preset=&#8221;default&#8221; custom_margin=&#8221;|0px|-2px|0px|false|true&#8221; global_colors_info=&#8221;{}&#8221;]<\/p>\n<h2>Caroline Havers<\/h2>\n<p>[\/et_pb_text][et_pb_blurb title=&#8221;PRESIDENTE DO CONSELHO DE ADMINISTRA\u00c7\u00c3O (N\u00c3O-EXECUTIVA)&#8221; _builder_version=&#8221;4.9.11&#8243; _module_preset=&#8221;default&#8221; header_level=&#8221;h5&#8243; header_font=&#8221;|300||on|||||&#8221; header_text_color=&#8221;#629539&#8243; custom_margin=&#8221;0px|0px|40px|0px|false|true&#8221; hover_enabled=&#8221;0&#8243; global_colors_info=&#8221;{%22gcid-52324441-8126-4af2-a4fb-306d5a78afbc%22:%91%22header_text_color%22%93}&#8221; sticky_enabled=&#8221;0&#8243;]<\/p>\n<p style=\"text-align: justify;\">A Sra. Havers est\u00e1 sediada em Londres e \u00e9 uma advogada experiente na resolu\u00e7\u00e3o de lit\u00edgios, tendo passado mais de 30 anos em escrit\u00f3rios de advogados internacionais a trabalhar com clientes que operam numa variedade de jurisdi\u00e7\u00f5es e sectores industriais africanos e tem experi\u00eancia em governa\u00e7\u00e3o e conformidade. Durante a sua carreira jur\u00eddica, a Sra. Havers foi s\u00f3cia e directora administrativa de diferentes escrit\u00f3rios de advocacia e \u00e9 uma Mediadora qualificada da CEDR.<\/p>\n<p>[\/et_pb_blurb][\/et_pb_column][et_pb_column type=&#8221;1_3&#8243; _builder_version=&#8221;4.9.7&#8243; _module_preset=&#8221;default&#8221; global_colors_info=&#8221;{}&#8221;][et_pb_image src=&#8221;http:\/\/www.agriterra-ltd.com\/wp-content\/uploads\/2021\/09\/AGRI21_People_R01.jpg&#8221; title_text=&#8221;AGRI21_People_R01&#8243; _builder_version=&#8221;4.9.11&#8243; _module_preset=&#8221;default&#8221; background_enable_color=&#8221;off&#8221; max_height=&#8221;150px&#8221; filter_saturate=&#8221;0%&#8221; mix_blend_mode=&#8221;multiply&#8221; border_radii=&#8221;on|5px|5px|5px|5px&#8221; global_colors_info=&#8221;{%22gcid-52324441-8126-4af2-a4fb-306d5a78afbc%22:%91%93,%22gcid-42aebcf4-48e5-425e-a47f-ba3c8d630070%22:%91%93,%22gcid-ef4b1d47-c259-4893-9b8a-6e6871d1a365%22:%91%93,%22gcid-bae34f91-73d6-4fd0-9f39-2fd6c88d37c6%22:%91%93}&#8221;][\/et_pb_image][et_pb_text _builder_version=&#8221;4.9.11&#8243; _module_preset=&#8221;default&#8221; text_text_color=&#8221;#629539&#8243; header_text_color=&#8221;gcid-ef4b1d47-c259-4893-9b8a-6e6871d1a365&#8243; background_color=&#8221;RGBA(0,0,0,0)&#8221; custom_margin=&#8221;|0px|-2px|0px|false|true&#8221; global_colors_info=&#8221;{%22gcid-52324441-8126-4af2-a4fb-306d5a78afbc%22:%91%22text_text_color%22%93,%22gcid-ef4b1d47-c259-4893-9b8a-6e6871d1a365%22:%91%22header_text_color%22%93}&#8221;]<\/p>\n<h2><b>Rui Sant&#8217;ana Afonso<\/b><\/h2>\n<p>[\/et_pb_text][et_pb_blurb title=&#8221;CEO&#8221; _builder_version=&#8221;4.9.11&#8243; _module_preset=&#8221;default&#8221; header_level=&#8221;h5&#8243; header_font=&#8221;|300||on|||||&#8221; header_text_color=&#8221;#629539&#8243; header_line_height=&#8221;2em&#8221; custom_margin=&#8221;0px|0px|40px|0px|false|true&#8221; global_colors_info=&#8221;{%22gcid-52324441-8126-4af2-a4fb-306d5a78afbc%22:%91%22header_text_color%22%93}&#8221;]<\/p>\n<p style=\"text-align: justify\">O Sr. Santana Afonso \u00e9 um cidad\u00e3o mo\u00e7ambicano e trabalha na<br \/>Empresa desde Mar\u00e7o de 2020 (como CEO designado), antes de ser formalmente nomeado para a fun\u00e7\u00e3o de CEO em Abril de 2021. Anteriormente, Santana Afonso foi Director Executivo da AgDevCo Mo\u00e7ambique durante 6 anos e, antes disso, trabalhou como Gestor de Carga a Granel no Porto de Maputo, onde adquiriu uma experi\u00eancia significativa na cadeia de abastecimento e log\u00edstica.<\/p>\n<p style=\"text-align: justify\">Santana Afonso tem um BSc em Agricultura e um MSC em<br \/>Economia Agr\u00e1ria e tem exercido fun\u00e7\u00f5es de direc\u00e7\u00e3o n\u00e3o executiva em v\u00e1rias empresas do sector dos produtos alimentares em Mo\u00e7ambique.<\/p>\n<p style=\"text-align: justify\">O Sr. Santana Afonso traz para a fun\u00e7\u00e3o uma experi\u00eancia significativa na gest\u00e3o e desenvolvimento de empresas no sector agr\u00edcola em Mo\u00e7ambique.<\/p>\n<p>[\/et_pb_blurb][\/et_pb_column][\/et_pb_row][et_pb_row column_structure=&#8221;1_3,1_3,1_3&#8243; _builder_version=&#8221;4.9.11&#8243; _module_preset=&#8221;default&#8221; global_colors_info=&#8221;{}&#8221;][et_pb_column type=&#8221;1_3&#8243; _builder_version=&#8221;4.9.11&#8243; _module_preset=&#8221;default&#8221; background_color=&#8221;RGBA(0,0,0,0)&#8221; border_radii=&#8221;on|10px|10px|10px|10px&#8221; global_colors_info=&#8221;{}&#8221;][\/et_pb_column][et_pb_column type=&#8221;1_3&#8243; _builder_version=&#8221;4.9.11&#8243; _module_preset=&#8221;default&#8221; background_color=&#8221;RGBA(0,0,0,0)&#8221; border_radii=&#8221;on|10px|10px|10px|10px&#8221; global_colors_info=&#8221;{}&#8221;][et_pb_image src=&#8221;http:\/\/www.agriterra-ltd.com\/wp-content\/uploads\/2021\/09\/AGRI21_People_H01.jpg&#8221; title_text=&#8221;AGRI21_People_H01&#8243; _builder_version=&#8221;4.9.11&#8243; _module_preset=&#8221;default&#8221; background_enable_color=&#8221;off&#8221; max_height=&#8221;150px&#8221; filter_saturate=&#8221;0%&#8221; border_radii=&#8221;on|5px|5px|5px|5px&#8221; global_colors_info=&#8221;{%22gcid-52324441-8126-4af2-a4fb-306d5a78afbc%22:%91%93,%22gcid-42aebcf4-48e5-425e-a47f-ba3c8d630070%22:%91%93,%22gcid-ef4b1d47-c259-4893-9b8a-6e6871d1a365%22:%91%93,%22gcid-bae34f91-73d6-4fd0-9f39-2fd6c88d37c6%22:%91%93}&#8221;][\/et_pb_image][et_pb_text _builder_version=&#8221;4.9.11&#8243; _module_preset=&#8221;default&#8221; text_text_color=&#8221;#629539&#8243; header_text_color=&#8221;gcid-ef4b1d47-c259-4893-9b8a-6e6871d1a365&#8243; background_color=&#8221;RGBA(0,0,0,0)&#8221; custom_margin=&#8221;|0px|-2px|0px|false|true&#8221; global_colors_info=&#8221;{%22gcid-52324441-8126-4af2-a4fb-306d5a78afbc%22:%91%22text_text_color%22%93,%22gcid-ef4b1d47-c259-4893-9b8a-6e6871d1a365%22:%91%22header_text_color%22%93}&#8221;]<\/p>\n<h2>Hamish Rudland<\/h2>\n<p>[\/et_pb_text][et_pb_blurb title=&#8221;DIRECTOR N\u00c3O EXECUTIVO&#8221; _builder_version=&#8221;4.9.11&#8243; _module_preset=&#8221;default&#8221; header_level=&#8221;h5&#8243; header_font=&#8221;|300||on|||||&#8221; header_text_color=&#8221;#629539&#8243; header_line_height=&#8221;2em&#8221; custom_margin=&#8221;0px|0px|40px|0px|false|true&#8221; global_colors_info=&#8221;{%22gcid-52324441-8126-4af2-a4fb-306d5a78afbc%22:%91%22header_text_color%22%93}&#8221;]<\/p>\n<p style=\"text-align: justify\"><span style=\"font-weight: 400\">O Sr. Rudland tem uma vasta experi\u00eancia em log\u00edstica, agricultura, agro-processamento, distribui\u00e7\u00e3o e patrim\u00f3nio. Depois de se formar na Universidade de Massey, Nova Zel\u00e2ndia, regressou ao Zimbabu\u00e9 em 1997 para iniciar um neg\u00f3cio de transporte de passageiros que em breve diversificou para o transporte de combust\u00edvel em tanques no in\u00edcio dos anos 2000. Posteriormente, o Sr. Rudland estruturou aquisi\u00e7\u00f5es de uma s\u00e9rie de empresas para serem listadas na Bolsa de Valores do Zimbabu\u00e9. <\/p>\n<p>Como resultado da rela\u00e7\u00e3o do Sr. Rudland com a Magister Investments Limited, ele n\u00e3o \u00e9 considerado como um director &#8220;independente&#8221; para efeitos do C\u00f3digo de Governan\u00e7a Corporativa QCA.<\/span><\/p>\n<p>[\/et_pb_blurb][\/et_pb_column][et_pb_column type=&#8221;1_3&#8243; _builder_version=&#8221;4.9.11&#8243; _module_preset=&#8221;default&#8221; background_color=&#8221;RGBA(0,0,0,0)&#8221; border_radii=&#8221;on|10px|10px|10px|10px&#8221; global_colors_info=&#8221;{}&#8221;][et_pb_image src=&#8221;http:\/\/www.agriterra-ltd.com\/wp-content\/uploads\/2021\/09\/AGRI21_People_G01.jpg&#8221; title_text=&#8221;AGRI21_People_G01&#8243; _builder_version=&#8221;4.9.11&#8243; _module_preset=&#8221;default&#8221; background_enable_color=&#8221;off&#8221; width=&#8221;70%&#8221; height=&#8221;231px&#8221; max_height=&#8221;150px&#8221; filter_saturate=&#8221;0%&#8221; mix_blend_mode=&#8221;multiply&#8221; border_radii=&#8221;on|5px|5px|5px|5px&#8221; global_colors_info=&#8221;{%22gcid-52324441-8126-4af2-a4fb-306d5a78afbc%22:%91%93,%22gcid-42aebcf4-48e5-425e-a47f-ba3c8d630070%22:%91%93,%22gcid-ef4b1d47-c259-4893-9b8a-6e6871d1a365%22:%91%93,%22gcid-bae34f91-73d6-4fd0-9f39-2fd6c88d37c6%22:%91%93}&#8221;][\/et_pb_image][et_pb_text _builder_version=&#8221;4.9.11&#8243; _module_preset=&#8221;default&#8221; text_text_color=&#8221;#629539&#8243; header_text_color=&#8221;gcid-ef4b1d47-c259-4893-9b8a-6e6871d1a365&#8243; background_color=&#8221;RGBA(0,0,0,0)&#8221; custom_margin=&#8221;|0px|-2px|0px|false|true&#8221; global_colors_info=&#8221;{%22gcid-52324441-8126-4af2-a4fb-306d5a78afbc%22:%91%22text_text_color%22%93,%22gcid-ef4b1d47-c259-4893-9b8a-6e6871d1a365%22:%91%22header_text_color%22%93}&#8221;]<\/p>\n<h2>Gary Smith<\/h2>\n<p>[\/et_pb_text][et_pb_blurb title=&#8221;DIRECTOR N\u00c3O EXECUTIVO&#8221; _builder_version=&#8221;4.9.11&#8243; _module_preset=&#8221;default&#8221; header_level=&#8221;h5&#8243; header_font=&#8221;|300||on|||||&#8221; header_text_color=&#8221;#629539&#8243; header_line_height=&#8221;2em&#8221; custom_margin=&#8221;0px|0px|40px|0px|false|true&#8221; global_colors_info=&#8221;{%22gcid-52324441-8126-4af2-a4fb-306d5a78afbc%22:%91%22header_text_color%22%93}&#8221;]<\/p>\n<p style=\"text-align: justify\"><span style=\"font-weight: 400\">O Sr. Smith \u00e9 contabilista ajuramentado e um profissional financeiro experiente. \u00c9 actualmente director n\u00e3o executivo de v\u00e1rias empresas, incluindo a Unifreight Africa Limited, um grupo de transportes e log\u00edstica com sede no Zimbabu\u00e9, do qual foi Director Financeiro e Director Executivo entre 2013 e 2015. Anteriormente, o Sr. Smith trabalhou no Reino Unido durante v\u00e1rios anos, onde trabalhou no Deutsche Bank, na Universidade de Surrey e no Foxhills Club &amp; Resort. <\/span><\/p>\n<p style=\"text-align: justify\"><span style=\"font-weight: 400\">Como resultado da rela\u00e7\u00e3o do Sr. Smith com a Magister Investments Limited, ele n\u00e3o \u00e9 considerado um director &#8220;independente&#8221; para efeitos do C\u00f3digo de Governan\u00e7a Corporativa QCA.<\/span><\/p>\n<p>[\/et_pb_blurb][\/et_pb_column][\/et_pb_row][et_pb_row column_structure=&#8221;1_3,1_3,1_3&#8243; _builder_version=&#8221;4.9.11&#8243; _module_preset=&#8221;default&#8221; global_colors_info=&#8221;{}&#8221;][et_pb_column type=&#8221;1_3&#8243; _builder_version=&#8221;4.9.11&#8243; _module_preset=&#8221;default&#8221; background_color=&#8221;RGBA(0,0,0,0)&#8221; border_radii=&#8221;on|10px|10px|10px|10px&#8221; global_colors_info=&#8221;{}&#8221;][\/et_pb_column][et_pb_column type=&#8221;1_3&#8243; _builder_version=&#8221;4.9.11&#8243; _module_preset=&#8221;default&#8221; background_color=&#8221;RGBA(0,0,0,0)&#8221; border_radii=&#8221;on|10px|10px|10px|10px&#8221; global_colors_info=&#8221;{}&#8221;][et_pb_image src=&#8221;http:\/\/www.agriterra-ltd.com\/wp-content\/uploads\/2021\/07\/Screen-Shot-2021-07-09-at-08.02.38.png&#8221; title_text=&#8221;Screen Shot 2021-07-09 at 08.02.38&#8243; _builder_version=&#8221;4.9.11&#8243; _module_preset=&#8221;default&#8221; background_enable_color=&#8221;off&#8221; width=&#8221;70%&#8221; height=&#8221;231px&#8221; max_height=&#8221;150px&#8221; filter_saturate=&#8221;0%&#8221; mix_blend_mode=&#8221;multiply&#8221; global_colors_info=&#8221;{%22gcid-52324441-8126-4af2-a4fb-306d5a78afbc%22:%91%93,%22gcid-42aebcf4-48e5-425e-a47f-ba3c8d630070%22:%91%93,%22gcid-ef4b1d47-c259-4893-9b8a-6e6871d1a365%22:%91%93,%22gcid-bae34f91-73d6-4fd0-9f39-2fd6c88d37c6%22:%91%93}&#8221;][\/et_pb_image][et_pb_text _builder_version=&#8221;4.9.11&#8243; _module_preset=&#8221;default&#8221; text_text_color=&#8221;#629539&#8243; header_text_color=&#8221;gcid-ef4b1d47-c259-4893-9b8a-6e6871d1a365&#8243; background_color=&#8221;RGBA(0,0,0,0)&#8221; custom_margin=&#8221;|0px|-2px|0px|false|true&#8221; global_colors_info=&#8221;{%22gcid-52324441-8126-4af2-a4fb-306d5a78afbc%22:%91%22text_text_color%22%93,%22gcid-ef4b1d47-c259-4893-9b8a-6e6871d1a365%22:%91%22header_text_color%22%93}&#8221;]<\/p>\n<h2>Neil Clayton<\/h2>\n<p>[\/et_pb_text][et_pb_blurb title=&#8221;DIRECTOR N\u00c3O EXECUTIVO&#8221; _builder_version=&#8221;4.9.7&#8243; _module_preset=&#8221;default&#8221; header_level=&#8221;h5&#8243; header_font=&#8221;|300||on|||||&#8221; header_text_color=&#8221;#629539&#8243; header_line_height=&#8221;2em&#8221; custom_margin=&#8221;0px|0px|40px|0px|false|true&#8221; global_colors_info=&#8221;{%22gcid-52324441-8126-4af2-a4fb-306d5a78afbc%22:%91%22header_text_color%22%93}&#8221;]<\/p>\n<p style=\"text-align: justify\"><span style=\"font-weight: 400\">O Sr. Clayton \u00e9 um contabilista ajuramentado com mais de 30 anos de experi\u00eancia numa variedade de empresas cotadas e n\u00e3o cotadas. O Sr. Clayton traz uma experi\u00eancia e conhecimentos significativos no que respeita a empresas cotadas que operam em \u00c1frica, bem como um conhecimento particular dos neg\u00f3cios e requisitos da Empresa, tendo desempenhado um papel financeiro provis\u00f3rio na Empresa durante 2018, quando assistiu e apoiou a reorganiza\u00e7\u00e3o da equipa de contabilidade local da Empresa.<\/span><\/p>\n<p style=\"text-align: justify\"><span style=\"font-weight: 400\">Apesar do seu recente trabalho com a Empresa, a direc\u00e7\u00e3o considera o Sr. Clayton como um director &#8220;independente&#8221; para efeitos do C\u00f3digo de Governan\u00e7a Corporativa QCA.<\/span><\/p>\n<p>[\/et_pb_blurb][\/et_pb_column][et_pb_column type=&#8221;1_3&#8243; _builder_version=&#8221;4.9.11&#8243; _module_preset=&#8221;default&#8221; background_color=&#8221;RGBA(0,0,0,0)&#8221; border_radii=&#8221;on|10px|10px|10px|10px&#8221; global_colors_info=&#8221;{}&#8221;][et_pb_image src=&#8221;http:\/\/www.agriterra-ltd.com\/wp-content\/uploads\/2021\/09\/AGRI21_People_Z01.jpg&#8221; title_text=&#8221;AGRI21_People_Z01&#8243; _builder_version=&#8221;4.9.11&#8243; _module_preset=&#8221;default&#8221; background_enable_color=&#8221;off&#8221; max_height=&#8221;150px&#8221; filter_saturate=&#8221;0%&#8221; border_radii=&#8221;on|5px|5px|5px|5px&#8221; global_colors_info=&#8221;{%22gcid-52324441-8126-4af2-a4fb-306d5a78afbc%22:%91%93,%22gcid-42aebcf4-48e5-425e-a47f-ba3c8d630070%22:%91%93,%22gcid-ef4b1d47-c259-4893-9b8a-6e6871d1a365%22:%91%93,%22gcid-bae34f91-73d6-4fd0-9f39-2fd6c88d37c6%22:%91%93}&#8221;][\/et_pb_image][et_pb_text _builder_version=&#8221;4.9.11&#8243; _module_preset=&#8221;default&#8221; text_text_color=&#8221;#629539&#8243; header_text_color=&#8221;gcid-ef4b1d47-c259-4893-9b8a-6e6871d1a365&#8243; background_color=&#8221;RGBA(0,0,0,0)&#8221; custom_margin=&#8221;|0px|-2px|0px|false|true&#8221; global_colors_info=&#8221;{%22gcid-52324441-8126-4af2-a4fb-306d5a78afbc%22:%91%22text_text_color%22%93,%22gcid-ef4b1d47-c259-4893-9b8a-6e6871d1a365%22:%91%22header_text_color%22%93}&#8221;]<\/p>\n<h2>S\u00e9rgio Zandamela<\/h2>\n<p>[\/et_pb_text][et_pb_blurb title=&#8221;DIRECTOR N\u00c3O EXECUTIVO&#8221; _builder_version=&#8221;4.9.7&#8243; _module_preset=&#8221;default&#8221; header_level=&#8221;h5&#8243; header_font=&#8221;|300||on|||||&#8221; header_text_color=&#8221;#629539&#8243; header_line_height=&#8221;2em&#8221; custom_margin=&#8221;0px|0px|40px|0px|false|true&#8221; global_colors_info=&#8221;{%22gcid-52324441-8126-4af2-a4fb-306d5a78afbc%22:%91%22header_text_color%22%93}&#8221;]<\/p>\n<p style=\"text-align: justify\"><span style=\"font-weight: 400\">O Sr. Zandamela tem mais de 20 anos de experi\u00eancia de trabalho no \u00e2mbito de empresas locais e regionais substanciais em Mo\u00e7ambique e na \u00c1frica Austral. O Sr. Zandamela \u00e9 licenciado em Agronomia &#8211; Engenharia Rural pela Universidade Eduardo Mondlane e tem um MBA da Universidade de Montford da \u00c1frica Austral &#8211; Sandton Business School.<\/span><\/p>\n<p style=\"text-align: justify\"><span style=\"font-weight: 400\">O Sr. Zandamela \u00e9 actualmente o MD na MECTIS. SA, um PPE que trabalha para melhorar a cadeia log\u00edstica de abastecimento para o frete mar\u00edtimo e rodovi\u00e1rio. Anteriormente respons\u00e1vel por todas as actividades comerciais de Tongaat Hulett e membro da Direc\u00e7\u00e3o da Associa\u00e7\u00e3o Nacional de Produtores de A\u00e7\u00facar em Mo\u00e7ambique e Presidente da Associa\u00e7\u00e3o Nacional de Distribuidores de A\u00e7\u00facar em Mo\u00e7ambique.<\/span><\/p>\n<p>[\/et_pb_blurb][\/et_pb_column][\/et_pb_row][et_pb_row column_structure=&#8221;1_3,1_3,1_3&#8243; _builder_version=&#8221;4.9.11&#8243; _module_preset=&#8221;default&#8221; global_colors_info=&#8221;{}&#8221;][et_pb_column type=&#8221;1_3&#8243; _builder_version=&#8221;4.9.11&#8243; _module_preset=&#8221;default&#8221; background_color=&#8221;RGBA(0,0,0,0)&#8221; border_radii=&#8221;on|10px|10px|10px|10px&#8221; global_colors_info=&#8221;{}&#8221;][et_pb_blurb title=&#8221;Direc\u00e7\u00e3o S\u00e9nior&#8221; content_max_width=&#8221;1100px&#8221; _builder_version=&#8221;4.9.11&#8243; _module_preset=&#8221;default&#8221; header_level=&#8221;h2&#8243; header_font=&#8221;|300|||||||&#8221; header_text_color=&#8221;#629539&#8243; body_text_color=&#8221;#629539&#8243; body_line_height=&#8221;1.5em&#8221; global_colors_info=&#8221;{%22gcid-52324441-8126-4af2-a4fb-306d5a78afbc%22:%91%22header_text_color%22,%22body_text_color%22%93}&#8221;][\/et_pb_blurb][\/et_pb_column][et_pb_column type=&#8221;1_3&#8243; _builder_version=&#8221;4.9.11&#8243; _module_preset=&#8221;default&#8221; background_color=&#8221;RGBA(0,0,0,0)&#8221; border_radii=&#8221;on|10px|10px|10px|10px&#8221; global_colors_info=&#8221;{}&#8221;][et_pb_image src=&#8221;http:\/\/www.agriterra-ltd.com\/wp-content\/uploads\/2021\/10\/AGRI21_People_GN03.jpg&#8221; title_text=&#8221;AGRI21_People_GN03&#8243; _builder_version=&#8221;4.9.11&#8243; _module_preset=&#8221;default&#8221; background_enable_color=&#8221;off&#8221; width=&#8221;70%&#8221; height=&#8221;231px&#8221; max_height=&#8221;150px&#8221; filter_saturate=&#8221;0%&#8221; mix_blend_mode=&#8221;multiply&#8221; border_radii=&#8221;on|5px|5px|5px|5px&#8221; global_colors_info=&#8221;{%22gcid-52324441-8126-4af2-a4fb-306d5a78afbc%22:%91%93,%22gcid-42aebcf4-48e5-425e-a47f-ba3c8d630070%22:%91%93,%22gcid-ef4b1d47-c259-4893-9b8a-6e6871d1a365%22:%91%93,%22gcid-bae34f91-73d6-4fd0-9f39-2fd6c88d37c6%22:%91%93}&#8221;][\/et_pb_image][et_pb_text _builder_version=&#8221;4.9.11&#8243; _module_preset=&#8221;default&#8221; text_text_color=&#8221;#629539&#8243; header_text_color=&#8221;gcid-ef4b1d47-c259-4893-9b8a-6e6871d1a365&#8243; background_color=&#8221;RGBA(0,0,0,0)&#8221; custom_margin=&#8221;|0px|-2px|0px|false|true&#8221; global_colors_info=&#8221;{%22gcid-52324441-8126-4af2-a4fb-306d5a78afbc%22:%91%22text_text_color%22%93,%22gcid-ef4b1d47-c259-4893-9b8a-6e6871d1a365%22:%91%22header_text_color%22%93}&#8221;]<\/p>\n<h2>George Naude<\/h2>\n<p>[\/et_pb_text][et_pb_blurb title=&#8221;DIRECTOR-GERAL MO\u00c7AMBIQUE&#8221; _builder_version=&#8221;4.9.7&#8243; _module_preset=&#8221;default&#8221; header_level=&#8221;h5&#8243; header_font=&#8221;|300||on|||||&#8221; header_text_color=&#8221;#629539&#8243; header_line_height=&#8221;2em&#8221; custom_margin=&#8221;0px|0px|40px|0px|false|true&#8221; global_colors_info=&#8221;{%22gcid-52324441-8126-4af2-a4fb-306d5a78afbc%22:%91%22header_text_color%22%93}&#8221;]<\/p>\n<p style=\"text-align: justify\">O Sr. Naude juntou-se \u00e0 Agriterra em 2014 vindo da Tongaat Hulett, uma empresa l\u00edder na \u00c1frica Austral focada na agricultura e agro-processamento. Em Mo\u00e7ambique, liderou opera\u00e7\u00f5es como Gestor Agr\u00edcola. O Sr. Naude \u00e9 actualmente respons\u00e1vel pela gest\u00e3o de todos os aspectos operacionais do neg\u00f3cio da Agriterra em Mo\u00e7ambique.<\/p>\n<p style=\"text-align: justify\">During his career, Mr Naude has also spent time on agricultural projects in Mauritius, Brazil, Tanzania and Malawi and is bringing to the team a solid operating and production capability.<\/p>\n<p>[\/et_pb_blurb][\/et_pb_column][et_pb_column type=&#8221;1_3&#8243; _builder_version=&#8221;4.9.11&#8243; _module_preset=&#8221;default&#8221; background_color=&#8221;RGBA(0,0,0,0)&#8221; border_radii=&#8221;on|10px|10px|10px|10px&#8221; global_colors_info=&#8221;{}&#8221;][et_pb_image src=&#8221;http:\/\/www.agriterra-ltd.com\/wp-content\/uploads\/2021\/10\/AGRI21_People_TS01.jpg&#8221; title_text=&#8221;AGRI21_People_TS01&#8243; _builder_version=&#8221;4.9.11&#8243; _module_preset=&#8221;default&#8221; background_enable_color=&#8221;off&#8221; width=&#8221;70%&#8221; max_height=&#8221;150px&#8221; filter_saturate=&#8221;0%&#8221; mix_blend_mode=&#8221;multiply&#8221; border_radii=&#8221;on|5px|5px|5px|5px&#8221; global_colors_info=&#8221;{%22gcid-52324441-8126-4af2-a4fb-306d5a78afbc%22:%91%93,%22gcid-42aebcf4-48e5-425e-a47f-ba3c8d630070%22:%91%93,%22gcid-ef4b1d47-c259-4893-9b8a-6e6871d1a365%22:%91%93,%22gcid-bae34f91-73d6-4fd0-9f39-2fd6c88d37c6%22:%91%93}&#8221;][\/et_pb_image][et_pb_text _builder_version=&#8221;4.9.11&#8243; _module_preset=&#8221;default&#8221; text_text_color=&#8221;#629539&#8243; header_text_color=&#8221;gcid-ef4b1d47-c259-4893-9b8a-6e6871d1a365&#8243; background_color=&#8221;RGBA(0,0,0,0)&#8221; custom_margin=&#8221;|0px|-2px|0px|false|true&#8221; global_colors_info=&#8221;{%22gcid-52324441-8126-4af2-a4fb-306d5a78afbc%22:%91%22text_text_color%22%93,%22gcid-ef4b1d47-c259-4893-9b8a-6e6871d1a365%22:%91%22header_text_color%22%93}&#8221;]<\/p>\n<h2>Tafadzwa Shangwa<\/h2>\n<p>[\/et_pb_text][et_pb_blurb title=&#8221;DIRECTOR FINANCEIRO&#8221; _builder_version=&#8221;4.9.7&#8243; _module_preset=&#8221;default&#8221; header_level=&#8221;h5&#8243; header_font=&#8221;|300||on|||||&#8221; header_text_color=&#8221;#629539&#8243; header_line_height=&#8221;2em&#8221; custom_margin=&#8221;0px|0px|40px|0px|false|true&#8221; global_colors_info=&#8221;{%22gcid-52324441-8126-4af2-a4fb-306d5a78afbc%22:%91%22header_text_color%22%93}&#8221;]<\/p>\n<p style=\"text-align: justify\"><span style=\"font-weight: 400\">O Sr. Shangwa juntou-se \u00e0 Agriterra vindo da KPMG, onde participou em numerosas auditorias de empresas nos sectores da manufactura e financeiro de Mo\u00e7ambique e do Botswana. Foi respons\u00e1vel pela gest\u00e3o de v\u00e1rias equipas de auditoria e conformidade. <\/span><\/p>\n<p style=\"text-align: justify\"><span style=\"font-weight: 400\">O Sr. Shangwa \u00e9 actualmente respons\u00e1vel pela gest\u00e3o de todos os aspectos financeiros e de conformidade dos neg\u00f3cios da Agriterra em Mo\u00e7ambique.<\/span><\/p>\n<p>[\/et_pb_blurb][\/et_pb_column][\/et_pb_row][\/et_pb_section]<\/p>\n","protected":false},"excerpt":{"rendered":"<p>Os directores da Agriterra t\u00eam uma vasta experi\u00eancia a operar em \u00c1frica, e esta experi\u00eancia, bem como as suas redes de contactos, ser\u00e3o utilizadas para alimentar o crescimento da Empresa.Caroline HaversA Sra. Havers est\u00e1 sediada em Londres e \u00e9 uma advogada experiente na resolu\u00e7\u00e3o de lit\u00edgios, tendo passado mais de 30 anos em escrit\u00f3rios de [&hellip;]<\/p>\n","protected":false},"author":1,"featured_media":3351,"parent":3563,"menu_order":0,"comment_status":"closed","ping_status":"closed","template":"","meta":{"_et_pb_use_builder":"on","_et_pb_old_content":"","_et_gb_content_width":"","footnotes":""},"class_list":["post-3494","page","type-page","status-publish","has-post-thumbnail","hentry"],"_links":{"self":[{"href":"http:\/\/www.agriterra-ltd.com\/pt-pt\/wp-json\/wp\/v2\/pages\/3494","targetHints":{"allow":["GET"]}}],"collection":[{"href":"http:\/\/www.agriterra-ltd.com\/pt-pt\/wp-json\/wp\/v2\/pages"}],"about":[{"href":"http:\/\/www.agriterra-ltd.com\/pt-pt\/wp-json\/wp\/v2\/types\/page"}],"author":[{"embeddable":true,"href":"http:\/\/www.agriterra-ltd.com\/pt-pt\/wp-json\/wp\/v2\/users\/1"}],"replies":[{"embeddable":true,"href":"http:\/\/www.agriterra-ltd.com\/pt-pt\/wp-json\/wp\/v2\/comments?post=3494"}],"version-history":[{"count":8,"href":"http:\/\/www.agriterra-ltd.com\/pt-pt\/wp-json\/wp\/v2\/pages\/3494\/revisions"}],"predecessor-version":[{"id":4021,"href":"http:\/\/www.agriterra-ltd.com\/pt-pt\/wp-json\/wp\/v2\/pages\/3494\/revisions\/4021"}],"up":[{"embeddable":true,"href":"http:\/\/www.agriterra-ltd.com\/pt-pt\/wp-json\/wp\/v2\/pages\/3563"}],"wp:featuredmedia":[{"embeddable":true,"href":"http:\/\/www.agriterra-ltd.com\/pt-pt\/wp-json\/wp\/v2\/media\/3351"}],"wp:attachment":[{"href":"http:\/\/www.agriterra-ltd.com\/pt-pt\/wp-json\/wp\/v2\/media?parent=3494"}],"curies":[{"name":"wp","href":"https:\/\/api.w.org\/{rel}","templated":true}]}}