{"id":3520,"date":"2021-11-12T18:23:08","date_gmt":"2021-11-12T18:23:08","guid":{"rendered":"http:\/\/www.agriterra-ltd.com\/analise-accionista\/"},"modified":"2021-11-12T19:47:25","modified_gmt":"2021-11-12T19:47:25","slug":"analise-accionista","status":"publish","type":"page","link":"http:\/\/www.agriterra-ltd.com\/pt-pt\/relacoes-com-investidores\/analise-accionista\/","title":{"rendered":"An\u00e1lise Accionista"},"content":{"rendered":"<p>[et_pb_section fb_built=&#8221;1&#8243; _builder_version=&#8221;4.9.11&#8243; _module_preset=&#8221;default&#8221; global_colors_info=&#8221;{}&#8221;][et_pb_row column_structure=&#8221;1_3,2_3&#8243; _builder_version=&#8221;4.9.11&#8243; _module_preset=&#8221;default&#8221; global_colors_info=&#8221;{}&#8221;][et_pb_column type=&#8221;1_3&#8243; _builder_version=&#8221;4.9.11&#8243; _module_preset=&#8221;default&#8221; global_colors_info=&#8221;{}&#8221;][et_pb_text _builder_version=&#8221;4.9.11&#8243; _module_preset=&#8221;default&#8221; global_colors_info=&#8221;{}&#8221;]<\/p>\n<p>De acordo com as Regras de AIM (Regra 26), tanto quanto a Empresa tem conhecimento, a percentagem do capital social emitido da Empresa que n\u00e3o est\u00e1 nas m\u00e3os do p\u00fablico \u00e9 de 64%. N\u00e3o existem restri\u00e7\u00f5es \u00e0 transfer\u00eancia de t\u00edtulos de AIM.<\/p>\n<p>[\/et_pb_text][\/et_pb_column][et_pb_column type=&#8221;2_3&#8243; _builder_version=&#8221;4.9.11&#8243; _module_preset=&#8221;default&#8221; global_colors_info=&#8221;{}&#8221;][et_pb_text _builder_version=&#8221;4.9.11&#8243; _module_preset=&#8221;default&#8221; global_colors_info=&#8221;{}&#8221;]<\/p>\n<table border=\"0\" style=\"height: 200px;width: 100%;border-collapse: collapse;border-color: #A2D775\" cellpadding=\"3px\" cellspacing=\"2px\">\n<tbody>\n<tr style=\"height: 24px\">\n<td style=\"width: 141.969px;height: 24px\"><strong>Resumo financeiro<\/strong><\/td>\n<td style=\"width: 182.031px;height: 24px\">Index AIM ALL<\/td>\n<\/tr>\n<tr style=\"height: 24px\">\n<td style=\"width: 141.969px;height: 24px\"><strong>Estado<\/strong><\/td>\n<td style=\"width: 182.031px;height: 24px\">AIM<\/td>\n<\/tr>\n<tr style=\"height: 24px\">\n<td style=\"width: 141.969px;height: 24px\"><strong>C\u00f3digo de Estoque<\/strong><\/td>\n<td style=\"width: 182.031px;height: 24px\">AGTA<\/td>\n<\/tr>\n<tr style=\"height: 24px\">\n<td style=\"width: 141.969px;height: 24px\"><strong>Sector<\/strong><\/td>\n<td style=\"width: 182.031px;height: 24px\">Produtores de Alimentos<\/td>\n<\/tr>\n<tr style=\"height: 24px\">\n<td style=\"width: 141.969px;height: 24px\"><strong>Fim do exerc\u00edcio financeiro<\/strong><\/td>\n<td style=\"width: 182.031px;height: 24px\">31 March<\/td>\n<\/tr>\n<tr style=\"height: 72px\">\n<td style=\"width: 141.969px;height: 72px\"><strong>Capital social total emitido<\/strong><\/td>\n<td style=\"width: 182.031px;height: 72px\">176,240,618 Ac\u00e7\u00f5es Ordin\u00e1rias e Ac\u00e7\u00f5es Diferidas (em agregado)<\/td>\n<\/tr>\n<tr style=\"height: 48px\">\n<td style=\"width: 141.969px;height: 48px\"><strong>Capital votante total<\/strong><\/td>\n<td style=\"width: 182.031px;height: 48px\">21,240,618 Ac\u00e7\u00f5es ordin\u00e1rias<\/td>\n<\/tr>\n<\/tbody>\n<\/table>\n<p>&nbsp;<\/p>\n<p>[\/et_pb_text][\/et_pb_column][\/et_pb_row][et_pb_row _builder_version=&#8221;4.9.11&#8243; _module_preset=&#8221;default&#8221; global_colors_info=&#8221;{}&#8221;][et_pb_column type=&#8221;4_4&#8243; _builder_version=&#8221;4.9.11&#8243; _module_preset=&#8221;default&#8221; global_colors_info=&#8221;{}&#8221;][et_pb_text _builder_version=&#8221;4.9.11&#8243; _module_preset=&#8221;default&#8221; global_colors_info=&#8221;{}&#8221;]<\/p>\n<p><span>Accionistas-chave em 1 de Outubro de 2021 que det\u00eam mais de 3% da Empresa:<\/span><span><\/span><\/p>\n<table border=\"1\" style=\"width: 100%;border-collapse: collapse;border-color: #A7DC79\" cellpadding=\"3px\" cellspacing=\"2px\">\n<tbody>\n<tr>\n<td style=\"width: 52.2124%\"><strong>Accionistas-Chave<\/strong><\/td>\n<td style=\"width: 24.4838%\">\n<p align=\"right\"><strong>N\u00famero<\/strong><\/p>\n<\/td>\n<td style=\"width: 23.0088%\">\n<p align=\"right\"><strong>Percentagem<\/strong><\/p>\n<\/td>\n<\/tr>\n<tr>\n<td style=\"width: 52.2124%\">Magister Investments Limited<\/td>\n<td style=\"width: 24.4838%\">\n<div align=\"right\">10,622,433<\/div>\n<\/td>\n<td style=\"width: 23.0088%\">\n<div align=\"right\">50.01%<\/div>\n<\/td>\n<\/tr>\n<tr>\n<td style=\"width: 52.2124%\">Gersec Trust Reg.<\/td>\n<td style=\"width: 24.4838%\">\n<div align=\"right\">2,779,656<\/div>\n<\/td>\n<td style=\"width: 23.0088%\">\n<div align=\"right\">13.09%<\/div>\n<\/td>\n<\/tr>\n<tr>\n<td style=\"width: 52.2124%\">William Philip Seymour Richards<\/td>\n<td style=\"width: 24.4838%\">\n<div align=\"right\">982,500<\/div>\n<\/td>\n<td style=\"width: 23.0088%\">\n<div align=\"right\">4.63%<\/div>\n<\/td>\n<\/tr>\n<tr>\n<td style=\"width: 52.2124%\">Global Resources Fund<\/td>\n<td style=\"width: 24.4838%\">\n<div align=\"right\">678,886<\/div>\n<\/td>\n<td style=\"width: 23.0088%\">\n<div align=\"right\">3.20%<\/div>\n<\/td>\n<\/tr>\n<tr>\n<td style=\"width: 52.2124%\">Peter Gyllenhammar AB<\/td>\n<td style=\"width: 24.4838%\">\n<div align=\"right\">647,500<\/div>\n<\/td>\n<td style=\"width: 23.0088%\">\n<div align=\"right\">3.05%<\/div>\n<\/td>\n<\/tr>\n<\/tbody>\n<\/table>\n<p><span><\/span><\/p>\n<table border=\"1\" style=\"width: 100%;border-collapse: collapse;border-color: #A7DC79\" cellpadding=\"3px\" cellspacing=\"2px\">\n<tbody>\n<tr>\n<td style=\"width: 52.2124%\"><strong>Directors<\/strong><\/td>\n<td style=\"width: 24.4838%\">\n<p align=\"right\">\n<\/td>\n<td style=\"width: 23.0088%\">\n<p align=\"right\">\n<\/td>\n<\/tr>\n<tr>\n<td style=\"width: 52.2124%\">Hamish Rudland *<\/td>\n<td style=\"width: 24.4838%\">\n<div align=\"right\">10,622,433<\/div>\n<\/td>\n<td style=\"width: 23.0088%\">\n<div align=\"right\">50.01%<\/div>\n<\/td>\n<\/tr>\n<tr>\n<td style=\"width: 52.2124%\">Neil Clayton<\/td>\n<td style=\"width: 24.4838%\">\n<div align=\"right\">&#8211;<\/div>\n<\/td>\n<td style=\"width: 23.0088%\">\n<div align=\"right\">0%<\/div>\n<\/td>\n<\/tr>\n<tr>\n<td style=\"width: 52.2124%\">Caroline Havers<\/td>\n<td style=\"width: 24.4838%\">\n<div align=\"right\">&#8211;<\/div>\n<\/td>\n<td style=\"width: 23.0088%\">\n<div align=\"right\">0%<\/div>\n<\/td>\n<\/tr>\n<tr>\n<td style=\"width: 52.2124%\">Gary Smith<\/td>\n<td style=\"width: 24.4838%\">\n<div align=\"right\">&#8211;<\/div>\n<\/td>\n<td style=\"width: 23.0088%\">\n<div align=\"right\">0%<\/div>\n<\/td>\n<\/tr>\n<tr>\n<td style=\"width: 52.2124%\">S\u00e9rgio Zandamela<\/td>\n<td style=\"width: 24.4838%\">\n<div align=\"right\">&#8211;<\/div>\n<\/td>\n<td style=\"width: 23.0088%\">\n<div align=\"right\">0%<\/div>\n<\/td>\n<\/tr>\n<\/tbody>\n<\/table>\n<p>&nbsp;<\/p>\n<p>[\/et_pb_text][et_pb_text _builder_version=&#8221;4.9.11&#8243; _module_preset=&#8221;default&#8221; global_colors_info=&#8221;{}&#8221;]<span style=\"font-size:80%\">* A participa\u00e7\u00e3o do Sr. Rudland \u00e9 detida atrav\u00e9s da Magister Investments Limited (&#8220;Magister&#8221;). Magister \u00e9 uma sociedade an\u00f3nima privada constitu\u00edda na Rep\u00fablica das Maur\u00edcias, totalmente detida pela Mauritius International Trust Company Limited, como fiduci\u00e1rio da Casa Trust (um fideicomisso registado nas Maur\u00edcias). O Sr. Hamish Rudland \u00e9 o fundador da Casa Trust e os benefici\u00e1rios da Casa Trust s\u00e3o o Sr. Rudland, a sua esposa, a Sra. Bridgette Rudland e os seus tr\u00eas filhos (todos com menos de 18 anos de idade).<\/span>[\/et_pb_text][\/et_pb_column][\/et_pb_row][\/et_pb_section]<\/p>\n","protected":false},"excerpt":{"rendered":"<p>De acordo com as Regras de AIM (Regra 26), tanto quanto a Empresa tem conhecimento, a percentagem do capital social emitido da Empresa que n\u00e3o est\u00e1 nas m\u00e3os do p\u00fablico \u00e9 de 64%. N\u00e3o existem restri\u00e7\u00f5es \u00e0 transfer\u00eancia de t\u00edtulos de AIM. Resumo financeiro Index AIM ALL Estado AIM C\u00f3digo de Estoque AGTA Sector Produtores [&hellip;]<\/p>\n","protected":false},"author":1,"featured_media":3413,"parent":3563,"menu_order":0,"comment_status":"closed","ping_status":"closed","template":"","meta":{"_et_pb_use_builder":"on","_et_pb_old_content":"","_et_gb_content_width":"","footnotes":""},"class_list":["post-3520","page","type-page","status-publish","has-post-thumbnail","hentry"],"_links":{"self":[{"href":"http:\/\/www.agriterra-ltd.com\/pt-pt\/wp-json\/wp\/v2\/pages\/3520","targetHints":{"allow":["GET"]}}],"collection":[{"href":"http:\/\/www.agriterra-ltd.com\/pt-pt\/wp-json\/wp\/v2\/pages"}],"about":[{"href":"http:\/\/www.agriterra-ltd.com\/pt-pt\/wp-json\/wp\/v2\/types\/page"}],"author":[{"embeddable":true,"href":"http:\/\/www.agriterra-ltd.com\/pt-pt\/wp-json\/wp\/v2\/users\/1"}],"replies":[{"embeddable":true,"href":"http:\/\/www.agriterra-ltd.com\/pt-pt\/wp-json\/wp\/v2\/comments?post=3520"}],"version-history":[{"count":3,"href":"http:\/\/www.agriterra-ltd.com\/pt-pt\/wp-json\/wp\/v2\/pages\/3520\/revisions"}],"predecessor-version":[{"id":3523,"href":"http:\/\/www.agriterra-ltd.com\/pt-pt\/wp-json\/wp\/v2\/pages\/3520\/revisions\/3523"}],"up":[{"embeddable":true,"href":"http:\/\/www.agriterra-ltd.com\/pt-pt\/wp-json\/wp\/v2\/pages\/3563"}],"wp:featuredmedia":[{"embeddable":true,"href":"http:\/\/www.agriterra-ltd.com\/pt-pt\/wp-json\/wp\/v2\/media\/3413"}],"wp:attachment":[{"href":"http:\/\/www.agriterra-ltd.com\/pt-pt\/wp-json\/wp\/v2\/media?parent=3520"}],"curies":[{"name":"wp","href":"https:\/\/api.w.org\/{rel}","templated":true}]}}