{"id":3524,"date":"2021-11-12T18:37:30","date_gmt":"2021-11-12T18:37:30","guid":{"rendered":"http:\/\/www.agriterra-ltd.com\/regra-26-de-aim\/"},"modified":"2021-11-12T19:47:25","modified_gmt":"2021-11-12T19:47:25","slug":"regra-26-de-aim","status":"publish","type":"page","link":"http:\/\/www.agriterra-ltd.com\/pt-pt\/relacoes-com-investidores\/regra-26-de-aim\/","title":{"rendered":"Regra 26 de AIM"},"content":{"rendered":"<p>[et_pb_section fb_built=&#8221;1&#8243; admin_label=&#8221;section&#8221; _builder_version=&#8221;3.22&#8243; global_colors_info=&#8221;{}&#8221;][et_pb_row column_structure=&#8221;3_5,2_5&#8243; admin_label=&#8221;row&#8221; _builder_version=&#8221;4.9.11&#8243; background_size=&#8221;initial&#8221; background_position=&#8221;top_left&#8221; background_repeat=&#8221;repeat&#8221; hover_enabled=&#8221;0&#8243; global_colors_info=&#8221;{}&#8221; sticky_enabled=&#8221;0&#8243;][et_pb_column type=&#8221;3_5&#8243; _builder_version=&#8221;3.25&#8243; custom_padding=&#8221;|||&#8221; global_colors_info=&#8221;{}&#8221; custom_padding__hover=&#8221;|||&#8221;][et_pb_text _builder_version=&#8221;4.9.11&#8243; header_font=&#8221;|300|||||||&#8221; background_size=&#8221;initial&#8221; background_position=&#8221;top_left&#8221; background_repeat=&#8221;repeat&#8221; global_colors_info=&#8221;{}&#8221;]<\/p>\n<h1>Esta informa\u00e7\u00e3o foi divulgada nos termos da Regra 26 das Regras de AIM para Empresas.<\/h1>\n<p>&nbsp;<\/p>\n<h3>Descri\u00e7\u00e3o do neg\u00f3cio<\/h3>\n<p><a href=\"http:\/\/agriterralimited.com\/investor-relations\/strategy\/\">Perfil da empresa<\/a><\/p>\n<h3>Nomes e biografias dos directores<\/h3>\n<p><a href=\"http:\/\/agriterralimited.com\/investor-relations\/directors\/\">Directores e Direc\u00e7\u00e3o S\u00e9nior<\/a><\/p>\n<h3>Responsabilidades dos membros do conselho e comiss\u00f5es do conselho de administra\u00e7\u00e3o e suas responsabilidades<\/h3>\n<p><a href=\"http:\/\/agriterralimited.com\/investor-relations\/corporate-governance\/\">Governan\u00e7a Corporativa<\/a><\/p>\n<h3>Pa\u00eds de constitui\u00e7\u00e3o e principal pa\u00eds de opera\u00e7\u00e3o<\/h3>\n<p>A Agriterra est\u00e1 constitu\u00edda e registada em Guernsey ao abrigo da Lei das Empresas (Guernsey), 2008 com o n\u00famero registado 42643. Os direitos dos accionistas podem ser diferentes dos direitos dos accionistas de uma sociedade constitu\u00edda no Reino Unido. O seu principal pa\u00eds de opera\u00e7\u00e3o \u00e9 Mo\u00e7ambique.<\/p>\n<h3>C\u00f3digo de Aquisi\u00e7\u00e3o do Reino Unido<\/h3>\n<p>A Agriterra Limited, devido \u00e0 localiza\u00e7\u00e3o da sua sede social e admiss\u00e3o \u00e0 negocia\u00e7\u00e3o no AIM, est\u00e1 sujeita ao C\u00f3digo da Cidade sobre Aquisi\u00e7\u00f5es e Fus\u00f5es.<\/p>\n<h3>Documentos constitucionais actuais, tais como os estatutos e o pacto social<\/h3>\n<p><a href=\"http:\/\/www.agriterra-ltd.com\/documents\/ArticlesofIncorporation.pdf\">Estatutos<\/a><\/p>\n<h3>Detalhes de quaisquer outras bolsas ou plataformas comerciais<\/h3>\n<p>A Empresa n\u00e3o est\u00e1 cotada em nenhuma outra bolsa ou plataforma comercial<\/p>\n<h3>Relat\u00f3rios Financeiros<\/h3>\n<p><a href=\"http:\/\/agriterralimited.com\/investor-relations\/corporate-documents\/\">Documentos Financeiros<\/a><\/p>\n<h3>O n\u00famero de t\u00edtulos de AIM em emiss\u00e3o (assinalando quaisquer t\u00edtulos detidos como ac\u00e7\u00f5es pr\u00f3prias)<\/h3>\n<p><a href=\"http:\/\/agriterralimited.com\/investor-relations\/shareholder-analysis\/\">Informa\u00e7\u00e3o aos accionistas<\/a><\/p>\n<h3>A identidade e a percentagem de participa\u00e7\u00f5es dos accionistas significativos<\/h3>\n<p><a href=\"http:\/\/agriterralimited.com\/investor-relations\/shareholder-analysis\/\">Informa\u00e7\u00e3o aos accionistas<\/a><\/p>\n<h3>Detalhes de quaisquer restri\u00e7\u00f5es sobre a transfer\u00eancia de t\u00edtulos de AIM<\/h3>\n<p>N\u00e3o h\u00e1 restri\u00e7\u00f5es \u00e0 transfer\u00eancia de t\u00edtulos<\/p>\n<h3>An\u00fancios e notifica\u00e7\u00f5es Not\u00edcias de RNS<\/h3>\n<p><a href=\"http:\/\/www.agriterra-ltd.com\/investor-relations\/rns-news\/\">Not\u00edcias de RNS<\/a><\/p>\n<h3>Documento de admiss\u00e3o e circulares de AIM<\/h3>\n<p><a href=\"http:\/\/agriterralimited.com\/investor-relations\/corporate-documents\/\">Documentos Empresariais<\/a><\/p>\n<h3>Consultores nomeados e principais<\/h3>\n<p><a href=\"http:\/\/agriterralimited.com\/investor-relations\/advisers\/\">Consultores<\/a><\/p>\n<p>[\/et_pb_text][\/et_pb_column][et_pb_column type=&#8221;2_5&#8243; _builder_version=&#8221;3.25&#8243; custom_padding=&#8221;|||&#8221; global_colors_info=&#8221;{}&#8221; custom_padding__hover=&#8221;|||&#8221;][et_pb_text _builder_version=&#8221;4.9.11&#8243; _module_preset=&#8221;default&#8221; hover_enabled=&#8221;0&#8243; global_colors_info=&#8221;{}&#8221; sticky_enabled=&#8221;0&#8243;]<\/p>\n<div class=\"GreyBox\">\n<h4>Calend\u00e1rio Financeiro<\/h4>\n<p>Ano findo a 31 de Mar\u00e7o<\/p>\n<p>&nbsp;<\/p>\n<\/div>\n<div class=\"GreyBox\">\n<h4>Documentos Empresariais<\/h4>\n<ul>\n<li><a href=\"http:\/\/agriterralimited.com\/wp-content\/uploads\/2021\/10\/256384-Agriterra-Letter-to-Sharholders.pdf\">Carta aos Accionistas &#8211; 31 de Mar\u00e7o de 2021<\/a><\/li>\n<li><a href=\"http:\/\/www.agriterra-ltd.com\/documents\/18.9.28-Agriterra-CoverLettertoShareholders.pdf\"><\/a><a href=\"http:\/\/www.agriterra-ltd.com\/documents\/18.9.28-Agriterra-CoverLettertoShareholders.pdf\">Carta aos Accionistas &#8211; 28 de Setembro de 2018<\/a><a href=\"http:\/\/www.agriterra-ltd.com\/documents\/18.9.28-Agriterra-CoverLettertoShareholders.pdf\"><\/a><a href=\"http:\/\/www.agriterra-ltd.com\/documents\/18.9.28-Agriterra-CoverLettertoShareholders.pdf\"><\/a><\/li>\n<li><a href=\"http:\/\/www.agriterra-ltd.com\/documents\/Shareholder%20Circular%2014.08.17.pdf\" style=\"font-size: 16px\">Circular do Accionista<\/a><\/li>\n<li><a href=\"http:\/\/www.agriterra-ltd.com\/documents\/ArticlesofIncorporation.pdf\" title=\"Estatutos\" target=\"_blank\" rel=\"noopener\">Estatutos<\/a><a href=\"http:\/\/agriterra-ltd.com\/reportsandaccounts.aspx\"><\/a><\/li>\n<li><a href=\"http:\/\/www.agriterra-ltd.com\/documents\/WhiteNileAdmissionDocument.pdf\">Documento de Admiss\u00e3o<\/a><\/li>\n<li><a href=\"http:\/\/www.agriterra-ltd.com\/downloads\/Acquisition%20of%20DECA,%20Compagri%20and%20Mozbife%2020.05.09.pdf\">Documento de Readmiss\u00e3o<\/a><a href=\"http:\/\/www.agriterra-ltd.com\/reportsandaccounts.aspx\"><\/a><\/li>\n<\/ul>\n<p><a href=\"http:\/\/agriterralimited.com\/investor-relations\/corporate-documents\/\"><span style=\"font-size: 16px\">Documentos Financeiros e da Assembleia Geral<\/span><\/a><\/p>\n<p>&nbsp;<\/p>\n<\/div>\n<p>[\/et_pb_text][\/et_pb_column][\/et_pb_row][\/et_pb_section]<\/p>\n","protected":false},"excerpt":{"rendered":"<p>Esta informa\u00e7\u00e3o foi divulgada nos termos da Regra 26 das Regras de AIM para Empresas. &nbsp; Descri\u00e7\u00e3o do neg\u00f3cio Perfil da empresa Nomes e biografias dos directores Directores e Direc\u00e7\u00e3o S\u00e9nior Responsabilidades dos membros do conselho e comiss\u00f5es do conselho de administra\u00e7\u00e3o e suas responsabilidades Governan\u00e7a Corporativa Pa\u00eds de constitui\u00e7\u00e3o e principal pa\u00eds de opera\u00e7\u00e3o [&hellip;]<\/p>\n","protected":false},"author":1,"featured_media":3340,"parent":3563,"menu_order":0,"comment_status":"closed","ping_status":"closed","template":"","meta":{"_et_pb_use_builder":"on","_et_pb_old_content":"","_et_gb_content_width":"","footnotes":""},"class_list":["post-3524","page","type-page","status-publish","has-post-thumbnail","hentry"],"_links":{"self":[{"href":"http:\/\/www.agriterra-ltd.com\/pt-pt\/wp-json\/wp\/v2\/pages\/3524","targetHints":{"allow":["GET"]}}],"collection":[{"href":"http:\/\/www.agriterra-ltd.com\/pt-pt\/wp-json\/wp\/v2\/pages"}],"about":[{"href":"http:\/\/www.agriterra-ltd.com\/pt-pt\/wp-json\/wp\/v2\/types\/page"}],"author":[{"embeddable":true,"href":"http:\/\/www.agriterra-ltd.com\/pt-pt\/wp-json\/wp\/v2\/users\/1"}],"replies":[{"embeddable":true,"href":"http:\/\/www.agriterra-ltd.com\/pt-pt\/wp-json\/wp\/v2\/comments?post=3524"}],"version-history":[{"count":3,"href":"http:\/\/www.agriterra-ltd.com\/pt-pt\/wp-json\/wp\/v2\/pages\/3524\/revisions"}],"predecessor-version":[{"id":3527,"href":"http:\/\/www.agriterra-ltd.com\/pt-pt\/wp-json\/wp\/v2\/pages\/3524\/revisions\/3527"}],"up":[{"embeddable":true,"href":"http:\/\/www.agriterra-ltd.com\/pt-pt\/wp-json\/wp\/v2\/pages\/3563"}],"wp:featuredmedia":[{"embeddable":true,"href":"http:\/\/www.agriterra-ltd.com\/pt-pt\/wp-json\/wp\/v2\/media\/3340"}],"wp:attachment":[{"href":"http:\/\/www.agriterra-ltd.com\/pt-pt\/wp-json\/wp\/v2\/media?parent=3524"}],"curies":[{"name":"wp","href":"https:\/\/api.w.org\/{rel}","templated":true}]}}